{"id":299,"date":"2016-10-25T19:16:54","date_gmt":"2016-10-25T17:16:54","guid":{"rendered":"http:\/\/www.newcosmetic.fr\/test\/pro\/?page_id=299"},"modified":"2023-05-15T13:25:46","modified_gmt":"2023-05-15T11:25:46","slug":"charte-de-confidentialite","status":"publish","type":"page","link":"https:\/\/www.botan.fr\/pro\/charte-de-confidentialite\/","title":{"rendered":"Charte de confidentialit\u00e9"},"content":{"rendered":"<p>[vc_row][vc_column][vc_column_text]<\/p>\n<p style=\"text-align: justify;\">BOTAN COSMETICS s\u2019engage \u00e0 assurer le meilleur niveau de protection \u00e0 vos donn\u00e9es personnelles en conformit\u00e9 avec la loi Informatique et Libert\u00e9s ainsi qu\u2019au R\u00e8glement europ\u00e9en 2016\/679 relatif \u00e0 la protection des donn\u00e9es personnelles du 27 avril 2016.<\/p>\n<p>[\/vc_column_text][vc_column_text]<\/p>\n<h2>Article 1 \u2013 RESPONSABLE DU TRAITEMENT<\/h2>\n<p>[\/vc_column_text][vc_separator color=\u201dcustom\u201d align=\u201dalign_left\u201d border_width=\u201d5\u2033 el_width=\u201d20\u2033 accent_color=\u201d#d0b77b\u201d][vc_column_text]<\/p>\n<p style=\"text-align: justify;\">Tout traitement des donn\u00e9es personnelles collect\u00e9es est effectu\u00e9 sous la responsabilit\u00e9 de : BOTAN COSMETICS 44 rue Taitbout 75009 Paris \u2013 800 135 360 RCS PARIS<br \/>\nNous collectons et traitons notamment votre adresse email ou num\u00e9ro de t\u00e9l\u00e9phone, donn\u00e9es de connexion et de navigation lorsque vous laissez un commentaire sur le site ou utilisez le formulaire de contact.<\/p>\n<p style=\"text-align: justify;\">Le caract\u00e8re obligatoire ou facultatif des donn\u00e9es vous est signal\u00e9 lors de la collecte. Certaines donn\u00e9es sont collect\u00e9es automatiquement du fait de vos actions sur le site.<\/p>\n<p style=\"text-align: justify;\">Nous collectons les informations que vous nous fournissez notamment lorsque :<\/p>\n<p>> vous naviguez et faites des actions sur notre site<\/p>\n<p>> vous participez \u00e0 un jeu-concours[\/vc_column_text][vc_empty_space height=\u201d20px\u201d][vc_column_text]<\/p>\n<h2>Article 2 \u2013 DESTINATAIRES DES DONN\u00c9ES<\/h2>\n<p>[\/vc_column_text][vc_separator color=\u201dcustom\u201d align=\u201dalign_left\u201d border_width=\u201d5\u2033 el_width=\u201d20\u2033 accent_color=\u201d#d0b77b\u201d][vc_column_text]<\/p>\n<p style=\"text-align: justify;\">Les donn\u00e9es collect\u00e9es sont exclusivement destin\u00e9es \u00e0 BOTAN COSMETICS. Elles peuvent \u00eatre transmises aux sous-traitants et partenaires auxquels BOTAN COSMETICS fait appel dans le cadre de l\u2019ex\u00e9cution de services. Voici quelques exemples : l\u2019envoi de courriers \u00e9lectroniques, l\u2019analyse de nos bases de donn\u00e9es ou des services en marketing. Ces prestataires ont acc\u00e8s aux informations personnelles n\u00e9cessaires \u00e0 l\u2019ex\u00e9cution de leurs prestations et ne sont pas autoris\u00e9s \u00e0 les utiliser \u00e0 d\u2019autres fins.<\/p>\n<p>[\/vc_column_text][vc_empty_space height=\u201d20px\u201d][vc_column_text]<\/p>\n<h2>Article 3 \u2013 UTILISATION DES DONN\u00c9ES VOUS CONCERNANT<\/h2>\n<p>[\/vc_column_text][vc_separator color=\u201dcustom\u201d align=\u201dalign_left\u201d border_width=\u201d5\u2033 el_width=\u201d20\u2033 accent_color=\u201d#d0b77b\u201d][vc_column_text]<\/p>\n<p style=\"text-align: justify;\">3.1 Personnalisation de nos services<\/p>\n<p style=\"text-align: justify;\">Les donn\u00e9es vous concernant nous permettent de personnaliser et am\u00e9liorer :<\/p>\n<p style=\"text-align: justify;\">> les services que nous vous proposons<\/p>\n<p style=\"text-align: justify;\">> les informations que nous vous adressons<\/p>\n<p>3.2 Mesure d\u2019audience :<\/p>\n<p style=\"text-align: justify;\">Afin de mieux vous servir, nous mesurons les statistiques relatives \u00e0 l\u2019activit\u00e9 des visiteurs sur le site de BOTAN COSMETICS gr\u00e2ce aux solutions de Google Analytics.<\/p>\n<p style=\"text-align: justify;\">Si vous ne souhaitez pas \u00eatre audit\u00e9, vous pouvez vous reporter \u00e0 la page de Google Analytics portant sur le respect de la vie priv\u00e9e et y suivre les indications fournies. <a href=\"https:\/\/support.google.com\/analytics\/answer\/181881\" target=\"_blank\" rel=\"noopener\">Ne plus \u00eatre audit\u00e9<\/a>.<\/p>\n<p>[\/vc_column_text][vc_empty_space height=\u201d20px\u201d][vc_column_text]<\/p>\n<h2>Article 4 \u2013 VOS DROITS RELATIFS \u00c0 LA LOI INFORMATIQUE ET LIBERT\u00c9S & DUR\u00c9ES DE CONSERVATION DES DONN\u00c9ES<\/h2>\n<p>[\/vc_column_text][vc_separator color=\u201dcustom\u201d align=\u201dalign_left\u201d border_width=\u201d5\u2033 el_width=\u201d20\u2033 accent_color=\u201d#d0b77b\u201d][vc_column_text]<\/p>\n<p style=\"text-align: justify;\">Conform\u00e9ment au R\u00e8glement G\u00e9n\u00e9ral sur la Protection des Donn\u00e9es (RGPD) du 25 mai 2018 compl\u00e9tant la loi Informatique et Libert\u00e9s du 6 janvier 1978, vous disposez d\u2019un droit d\u2019acc\u00e8s, de rectification, d\u2019opposition et de suppression aux donn\u00e9es personnelles vous concernant. Pour l\u2019exercer, vous pouvez adresser votre demande en pr\u00e9cisant vos nom, pr\u00e9nom et email :<\/p>\n<p style=\"text-align: justify;\">> Par courrier \u00e9lectronique \u00e0 l\u2019adresse contact(at)botan-cosmetics.com<\/p>\n<p style=\"text-align: justify;\">> Par courrier postal \u00e0 l\u2019adresse suivante : BOTAN COSMETICS 44 rue Taitbout 75009 Paris<\/p>\n<p style=\"text-align: justify;\">Par t\u00e9l\u00e9phone : 09 842 842 09<\/p>\n<p style=\"text-align: justify;\">Conform\u00e9ment \u00e0 la r\u00e9glementation en vigueur, votre demande doit \u00eatre sign\u00e9e et accompagn\u00e9e de la photocopie d\u2019une pi\u00e8ce d\u2019identit\u00e9 portant votre signature.<\/p>\n<p>Sauf demande expresse de votre part, les comptes sans commandes seront conserv\u00e9s 1 an. Les comptes avec commande seront conserv\u00e9s 5 ans apr\u00e8s la derni\u00e8re commande.[\/vc_column_text][vc_empty_space height=\u201d20px\u201d][vc_column_text]<\/p>\n<h2>Article 5 \u2013 ACC\u00c8S AU COMPTE PROFESSIONNEL<\/h2>\n<p>[\/vc_column_text][vc_separator color=\u201dcustom\u201d align=\u201dalign_left\u201d border_width=\u201d5\u2033 el_width=\u201d20\u2033 accent_color=\u201d#d0b77b\u201d][vc_column_text]<\/p>\n<p style=\"text-align: justify;\">L\u2019acc\u00e8s au site professionnel est r\u00e9serv\u00e9 exclusivement aux professionnels ayant une soci\u00e9t\u00e9 en activit\u00e9. Tous les comptes cr\u00e9\u00e9s avec des informations erron\u00e9es ou ne satisfaisant pas aux pr\u00e9sentes conditions seront automatiquement supprim\u00e9s.<\/p>\n<p>[\/vc_column_text][vc_empty_space height=\u201d20px\u201d][vc_column_text]<\/p>\n<h2>Article 6 \u2013 LES COOKIES<\/h2>\n<p>[\/vc_column_text][vc_separator color=\u201dcustom\u201d align=\u201dalign_left\u201d border_width=\u201d5\u2033 el_width=\u201d20\u2033 accent_color=\u201d#d0b77b\u201d][vc_column_text]<\/p>\n<p style=\"text-align: justify;\">Le cookie est un fichier texte que nous transf\u00e9rons sur votre ordinateur via votre navigateur Internet. Il a pour but de simplifier votre navigation sur le site www.botan-cosmetics.com.<\/p>\n<p style=\"text-align: justify;\">Vous pouvez \u00e0 tout moment choisir de supprimer ou refuser ces cookies. Pour connaitre la marche \u00e0 suivre, rendez-vous dans la section \u00ab Aide \u00bb du site Internet de votre navigateur. Toutefois, nous vous conseillons de les laisser actifs afin de b\u00e9n\u00e9ficier de l\u2019ensemble de nos services personnalis\u00e9s.<\/p>\n<p>[\/vc_column_text][\/vc_column][\/vc_row]<\/p>\n","protected":false},"excerpt":{"rendered":"<p>[vc_row][vc_column][vc_column_text] BOTAN COSMETICS s\u2019engage \u00e0 assurer le meilleur niveau de protection \u00e0 vos donn\u00e9es personnelles en conformit\u00e9 avec la loi\u2026<\/p>\n","protected":false},"author":1,"featured_media":0,"parent":0,"menu_order":0,"comment_status":"closed","ping_status":"closed","template":"","meta":{"footnotes":""},"class_list":["post-299","page","type-page","status-publish","hentry"],"yoast_head":"<!-- This site is optimized with the Yoast SEO plugin v27.5 - https:\/\/yoast.com\/product\/yoast-seo-wordpress\/ -->\n<title>Charte de confidentialit\u00e9 &#8212; BOTAN Professional<\/title>\n<meta name=\"robots\" content=\"index, follow, max-snippet:-1, max-image-preview:large, max-video-preview:-1\" \/>\n<link rel=\"canonical\" href=\"https:\/\/www.botan.fr\/pro\/charte-de-confidentialite\/\" \/>\n<meta property=\"og:locale\" content=\"fr_FR\" \/>\n<meta property=\"og:type\" content=\"article\" \/>\n<meta property=\"og:title\" content=\"Charte de confidentialit\u00e9 &#8212; BOTAN Professional\" \/>\n<meta property=\"og:description\" content=\"[vc_row][vc_column][vc_column_text] BOTAN COSMETICS s\u2019engage \u00e0 assurer le meilleur niveau de protection \u00e0 vos donn\u00e9es personnelles en conformit\u00e9 avec la loi\u2026\" \/>\n<meta property=\"og:url\" content=\"https:\/\/www.botan.fr\/pro\/charte-de-confidentialite\/\" \/>\n<meta property=\"og:site_name\" content=\"BOTAN Professional\" \/>\n<meta property=\"article:publisher\" content=\"https:\/\/www.facebook.com\/botancosmetics\/\" \/>\n<meta property=\"article:modified_time\" content=\"2023-05-15T11:25:46+00:00\" \/>\n<meta name=\"twitter:card\" content=\"summary_large_image\" \/>\n<meta name=\"twitter:label1\" content=\"Dur\u00e9e de lecture estim\u00e9e\" \/>\n\t<meta name=\"twitter:data1\" content=\"4 minutes\" \/>\n<script type=\"application\/ld+json\" class=\"yoast-schema-graph\">{\"@context\":\"https:\\\/\\\/schema.org\",\"@graph\":[{\"@type\":\"WebPage\",\"@id\":\"https:\\\/\\\/www.botan.fr\\\/pro\\\/charte-de-confidentialite\\\/\",\"url\":\"https:\\\/\\\/www.botan.fr\\\/pro\\\/charte-de-confidentialite\\\/\",\"name\":\"Charte de confidentialit\u00e9 &#8212; BOTAN Professional\",\"isPartOf\":{\"@id\":\"https:\\\/\\\/www.botan.fr\\\/pro\\\/#website\"},\"datePublished\":\"2016-10-25T17:16:54+00:00\",\"dateModified\":\"2023-05-15T11:25:46+00:00\",\"breadcrumb\":{\"@id\":\"https:\\\/\\\/www.botan.fr\\\/pro\\\/charte-de-confidentialite\\\/#breadcrumb\"},\"inLanguage\":\"fr-FR\",\"potentialAction\":[{\"@type\":\"ReadAction\",\"target\":[\"https:\\\/\\\/www.botan.fr\\\/pro\\\/charte-de-confidentialite\\\/\"]}]},{\"@type\":\"BreadcrumbList\",\"@id\":\"https:\\\/\\\/www.botan.fr\\\/pro\\\/charte-de-confidentialite\\\/#breadcrumb\",\"itemListElement\":[{\"@type\":\"ListItem\",\"position\":1,\"name\":\"Accueil\",\"item\":\"https:\\\/\\\/www.botan.fr\\\/pro\\\/\"},{\"@type\":\"ListItem\",\"position\":2,\"name\":\"Charte de confidentialit\u00e9\"}]},{\"@type\":\"WebSite\",\"@id\":\"https:\\\/\\\/www.botan.fr\\\/pro\\\/#website\",\"url\":\"https:\\\/\\\/www.botan.fr\\\/pro\\\/\",\"name\":\"BOTAN Professional\",\"description\":\"\",\"alternateName\":\"B\u00b7O\u00b7T\u00b7A\u00b7N\",\"potentialAction\":[{\"@type\":\"SearchAction\",\"target\":{\"@type\":\"EntryPoint\",\"urlTemplate\":\"https:\\\/\\\/www.botan.fr\\\/pro\\\/?s={search_term_string}\"},\"query-input\":{\"@type\":\"PropertyValueSpecification\",\"valueRequired\":true,\"valueName\":\"search_term_string\"}}],\"inLanguage\":\"fr-FR\"}]}<\/script>\n<!-- \/ Yoast SEO plugin. -->","yoast_head_json":{"title":"Charte de confidentialit\u00e9 &#8212; BOTAN Professional","robots":{"index":"index","follow":"follow","max-snippet":"max-snippet:-1","max-image-preview":"max-image-preview:large","max-video-preview":"max-video-preview:-1"},"canonical":"https:\/\/www.botan.fr\/pro\/charte-de-confidentialite\/","og_locale":"fr_FR","og_type":"article","og_title":"Charte de confidentialit\u00e9 &#8212; BOTAN Professional","og_description":"[vc_row][vc_column][vc_column_text] BOTAN COSMETICS s\u2019engage \u00e0 assurer le meilleur niveau de protection \u00e0 vos donn\u00e9es personnelles en conformit\u00e9 avec la loi\u2026","og_url":"https:\/\/www.botan.fr\/pro\/charte-de-confidentialite\/","og_site_name":"BOTAN Professional","article_publisher":"https:\/\/www.facebook.com\/botancosmetics\/","article_modified_time":"2023-05-15T11:25:46+00:00","twitter_card":"summary_large_image","twitter_misc":{"Dur\u00e9e de lecture estim\u00e9e":"4 minutes"},"schema":{"@context":"https:\/\/schema.org","@graph":[{"@type":"WebPage","@id":"https:\/\/www.botan.fr\/pro\/charte-de-confidentialite\/","url":"https:\/\/www.botan.fr\/pro\/charte-de-confidentialite\/","name":"Charte de confidentialit\u00e9 &#8212; BOTAN Professional","isPartOf":{"@id":"https:\/\/www.botan.fr\/pro\/#website"},"datePublished":"2016-10-25T17:16:54+00:00","dateModified":"2023-05-15T11:25:46+00:00","breadcrumb":{"@id":"https:\/\/www.botan.fr\/pro\/charte-de-confidentialite\/#breadcrumb"},"inLanguage":"fr-FR","potentialAction":[{"@type":"ReadAction","target":["https:\/\/www.botan.fr\/pro\/charte-de-confidentialite\/"]}]},{"@type":"BreadcrumbList","@id":"https:\/\/www.botan.fr\/pro\/charte-de-confidentialite\/#breadcrumb","itemListElement":[{"@type":"ListItem","position":1,"name":"Accueil","item":"https:\/\/www.botan.fr\/pro\/"},{"@type":"ListItem","position":2,"name":"Charte de confidentialit\u00e9"}]},{"@type":"WebSite","@id":"https:\/\/www.botan.fr\/pro\/#website","url":"https:\/\/www.botan.fr\/pro\/","name":"BOTAN Professional","description":"","alternateName":"B\u00b7O\u00b7T\u00b7A\u00b7N","potentialAction":[{"@type":"SearchAction","target":{"@type":"EntryPoint","urlTemplate":"https:\/\/www.botan.fr\/pro\/?s={search_term_string}"},"query-input":{"@type":"PropertyValueSpecification","valueRequired":true,"valueName":"search_term_string"}}],"inLanguage":"fr-FR"}]}},"acf":[],"_links":{"self":[{"href":"https:\/\/www.botan.fr\/pro\/wp-json\/wp\/v2\/pages\/299","targetHints":{"allow":["GET"]}}],"collection":[{"href":"https:\/\/www.botan.fr\/pro\/wp-json\/wp\/v2\/pages"}],"about":[{"href":"https:\/\/www.botan.fr\/pro\/wp-json\/wp\/v2\/types\/page"}],"author":[{"embeddable":true,"href":"https:\/\/www.botan.fr\/pro\/wp-json\/wp\/v2\/users\/1"}],"replies":[{"embeddable":true,"href":"https:\/\/www.botan.fr\/pro\/wp-json\/wp\/v2\/comments?post=299"}],"version-history":[{"count":13,"href":"https:\/\/www.botan.fr\/pro\/wp-json\/wp\/v2\/pages\/299\/revisions"}],"predecessor-version":[{"id":17477,"href":"https:\/\/www.botan.fr\/pro\/wp-json\/wp\/v2\/pages\/299\/revisions\/17477"}],"wp:attachment":[{"href":"https:\/\/www.botan.fr\/pro\/wp-json\/wp\/v2\/media?parent=299"}],"curies":[{"name":"wp","href":"https:\/\/api.w.org\/{rel}","templated":true}]}}