{"id":1383,"date":"2017-02-11T14:01:35","date_gmt":"2017-02-11T13:01:35","guid":{"rendered":"http:\/\/www.newcosmetic.fr\/test\/pro\/?post_type=product&#038;p=1383"},"modified":"2026-04-27T23:24:55","modified_gmt":"2026-04-27T21:24:55","slug":"extracteur-dair-filtrant","status":"publish","type":"product","link":"https:\/\/www.botan.fr\/pro\/produit\/extracteur-dair-filtrant\/","title":{"rendered":"Extracteur d&#8217;Air Filtrant PURETONE"},"content":{"rendered":"<p>[vc_row row_type=&#8221;row&#8221; text_align=&#8221;justify&#8221;][vc_column][vc_column_text]<\/p>\n<h2 style=\"text-align: center;\">Comment l&#8217;extracteur d&#8217;air pour le Spray Tanning peut am\u00e9liorer votre exp\u00e9rience de bronzage ?<\/h2>\n<p>[\/vc_column_text][vc_empty_space height=&#8221;16px&#8221;][vc_column_text]<\/p>\n<h2 style=\"text-align: center;\">Filtration de l&#8217;air pour les pulv\u00e9risations de Spray Tanning<\/h2>\n<p>[\/vc_column_text][vc_column_text]<\/p>\n<p style=\"text-align: justify;\">L&#8217;extracteur d&#8217;air Puretone pour le spray tanning est con\u00e7u pour ventiler et recueillir toutes les particules qui pourraient \u00eatre en exc\u00e8s lors de la pulv\u00e9risation d&#8217;un <a href=\"https:\/\/www.botan.fr\/pro\/produit\/lotion-autobronzante-rapid-10-cocktails-de-fruits\/\">soin autobronzant<\/a>. Cela permet de purifier l&#8217;air dans lequel vous \u00e9voluez et fournit un niveau suppl\u00e9mentaire de professionnalisme. Le mod\u00e8le BOTAN est compact, l\u00e9ger et poss\u00e8de une grande puissance d&#8217;aspiration. Il se place facilement au sol \u00e0 l&#8217;arri\u00e8re de votre cabine mobile pop-up gr\u00e2ce \u00e0 l&#8217;ouverture pr\u00e9vue \u00e0 cet effet.<\/p>\n<p>[\/vc_column_text][vc_empty_space height=&#8221;16px&#8221;][vc_column_text]<\/p>\n<h2 style=\"text-align: center;\">R\u00e9duction des particules en suspension dans l&#8217;air<\/h2>\n<p>[\/vc_column_text][vc_column_text]<\/p>\n<p style=\"text-align: justify;\">L&#8217;extracteur d&#8217;air permet \u00e9galement de limiter la formation de brouillard et de retomb\u00e9es dans la pi\u00e8ce. L&#8217;air aspir\u00e9 est filtr\u00e9 et ressort assaini, ce qui permet un nettoyage plus rapide de votre cabine mobile ou de votre salle de bain. En outre, le syst\u00e8me de filtration est lavable \u00e0 l&#8217;eau ti\u00e8de, ce qui signifie que vous pouvez le r\u00e9utiliser sans avoir besoin de le remplacer. Cela vous permet de gagner de l&#8217;argent et du temps.<\/p>\n<p>[\/vc_column_text][vc_empty_space height=&#8221;16px&#8221;][vc_column_text]<\/p>\n<h2 style=\"text-align: center;\">Performance optimale avec cet extracteur d&#8217;air<\/h2>\n<p>[\/vc_column_text][vc_column_text]<\/p>\n<p style=\"text-align: justify;\">Le mod\u00e8le BOTAN Puretone est \u00e9quip\u00e9 d&#8217;un double filtre incorpor\u00e9 dans une house filtrante. La puissance d&#8217;absorption est de 1300 m3\/h en vitesse faible et de 1900 m3\/h en vitesse forte. Cela garantit une filtration de l&#8217;air optimale et une exp\u00e9rience de bronzage agr\u00e9able.<\/p>\n<p>[\/vc_column_text][vc_empty_space height=&#8221;16px&#8221;][vc_column_text]<\/p>\n<h2 style=\"text-align: center;\">Facile \u00e0 utiliser et \u00e9conomique<\/h2>\n<p>[\/vc_column_text][vc_column_text]<\/p>\n<p style=\"text-align: justify;\">L&#8217;extracteur d&#8217;air pour le spray tanning est tr\u00e8s facile \u00e0 utiliser. Il suffit de le brancher \u00e0 une prise de courant, d&#8217;allumer et de r\u00e9gler la puissance \u00e0 l&#8217;aide des boutons de r\u00e9glage. Le filtre lavable est r\u00e9utilisable et se remplace facilement gr\u00e2ce \u00e0 l&#8217;ouverture par clips. Cela vous permet d&#8217;\u00e9conomiser de l&#8217;argent et de pr\u00e9server l&#8217;environnement.<\/p>\n<p>[\/vc_column_text][vc_column_text]Facilement transportable gr\u00e2ce \u00e0 sa poign\u00e9e et un poids faible : 5.8 kg. Il se pose au sol ou \u00e0 mi-hauteur. Rangement facile gr\u00e2ce \u00e0 sa forme et ses dimensions : 450 x 400 x 180 mm.<\/p>\n<p><strong>Appareil garanti 2 ans.<\/strong>[\/vc_column_text][\/vc_column][\/vc_row]<\/p>\n","protected":false},"excerpt":{"rendered":"<ul class=\"tick\">\n<li><strong>filtre lavable<\/strong><\/li>\n<li>ventile et de recueille toutes les particules<\/li>\n<li>prestations professionnelles<\/li>\n<\/ul>\n<p>[display-delivery]<br \/>\n[support-question]<\/p>\n","protected":false},"featured_media":17995,"comment_status":"open","ping_status":"closed","template":"","meta":[],"product_brand":[],"product_cat":[152,63],"product_tag":[],"class_list":{"0":"post-1383","1":"product","2":"type-product","3":"status-publish","4":"has-post-thumbnail","6":"product_cat-materiel-professionnel","7":"product_cat-equipements","9":"first","10":"instock","11":"taxable","12":"shipping-taxable","13":"product-type-simple"},"yoast_head":"<!-- This site is optimized with the Yoast SEO plugin v27.5 - https:\/\/yoast.com\/product\/yoast-seo-wordpress\/ -->\n<title>Extracteur d&#039;Air Filtrant PURETONE &#8212; BOTAN Professional<\/title>\n<meta name=\"description\" content=\"L&#039;Extracteur d&#039;Air Puretone pour le Spray Tanning est con\u00e7u pour ventiler et recueillir toutes les particules qui pourraient \u00eatre en exc\u00e8s.\" \/>\n<meta name=\"robots\" content=\"index, follow, max-snippet:-1, max-image-preview:large, max-video-preview:-1\" \/>\n<link rel=\"canonical\" href=\"https:\/\/www.botan.fr\/pro\/produit\/extracteur-dair-filtrant\/\" \/>\n<meta property=\"og:locale\" content=\"fr_FR\" \/>\n<meta property=\"og:type\" content=\"article\" \/>\n<meta property=\"og:title\" content=\"Extracteur d&#039;Air Filtrant PURETONE &#8212; BOTAN Professional\" \/>\n<meta property=\"og:description\" content=\"L&#039;Extracteur d&#039;Air Puretone pour le Spray Tanning est con\u00e7u pour ventiler et recueillir toutes les particules qui pourraient \u00eatre en exc\u00e8s.\" \/>\n<meta property=\"og:url\" content=\"https:\/\/www.botan.fr\/pro\/produit\/extracteur-dair-filtrant\/\" \/>\n<meta property=\"og:site_name\" content=\"BOTAN Professional\" \/>\n<meta property=\"article:publisher\" content=\"https:\/\/www.facebook.com\/botancosmetics\/\" \/>\n<meta property=\"article:modified_time\" content=\"2026-04-27T21:24:55+00:00\" \/>\n<meta property=\"og:image\" content=\"https:\/\/www.botan.fr\/pro\/wp-content\/uploads\/2017\/02\/extracteur-air-filtrant-puretone.jpg\" \/>\n\t<meta property=\"og:image:width\" content=\"1000\" \/>\n\t<meta property=\"og:image:height\" content=\"1000\" \/>\n\t<meta property=\"og:image:type\" content=\"image\/jpeg\" \/>\n<meta name=\"twitter:card\" content=\"summary_large_image\" \/>\n<meta name=\"twitter:label1\" content=\"Dur\u00e9e de lecture estim\u00e9e\" \/>\n\t<meta name=\"twitter:data1\" content=\"2 minutes\" \/>\n<script type=\"application\/ld+json\" class=\"yoast-schema-graph\">{\"@context\":\"https:\\\/\\\/schema.org\",\"@graph\":[{\"@type\":\"WebPage\",\"@id\":\"https:\\\/\\\/www.botan.fr\\\/pro\\\/produit\\\/extracteur-dair-filtrant\\\/\",\"url\":\"https:\\\/\\\/www.botan.fr\\\/pro\\\/produit\\\/extracteur-dair-filtrant\\\/\",\"name\":\"Extracteur d'Air Filtrant PURETONE &#8212; BOTAN Professional\",\"isPartOf\":{\"@id\":\"https:\\\/\\\/www.botan.fr\\\/pro\\\/#website\"},\"primaryImageOfPage\":{\"@id\":\"https:\\\/\\\/www.botan.fr\\\/pro\\\/produit\\\/extracteur-dair-filtrant\\\/#primaryimage\"},\"image\":{\"@id\":\"https:\\\/\\\/www.botan.fr\\\/pro\\\/produit\\\/extracteur-dair-filtrant\\\/#primaryimage\"},\"thumbnailUrl\":\"https:\\\/\\\/www.botan.fr\\\/pro\\\/wp-content\\\/uploads\\\/2017\\\/02\\\/extracteur-air-filtrant-puretone.jpg\",\"datePublished\":\"2017-02-11T13:01:35+00:00\",\"dateModified\":\"2026-04-27T21:24:55+00:00\",\"description\":\"L'Extracteur d'Air Puretone pour le Spray Tanning est con\u00e7u pour ventiler et recueillir toutes les particules qui pourraient \u00eatre en exc\u00e8s.\",\"breadcrumb\":{\"@id\":\"https:\\\/\\\/www.botan.fr\\\/pro\\\/produit\\\/extracteur-dair-filtrant\\\/#breadcrumb\"},\"inLanguage\":\"fr-FR\",\"potentialAction\":[{\"@type\":\"ReadAction\",\"target\":[\"https:\\\/\\\/www.botan.fr\\\/pro\\\/produit\\\/extracteur-dair-filtrant\\\/\"]}]},{\"@type\":\"ImageObject\",\"inLanguage\":\"fr-FR\",\"@id\":\"https:\\\/\\\/www.botan.fr\\\/pro\\\/produit\\\/extracteur-dair-filtrant\\\/#primaryimage\",\"url\":\"https:\\\/\\\/www.botan.fr\\\/pro\\\/wp-content\\\/uploads\\\/2017\\\/02\\\/extracteur-air-filtrant-puretone.jpg\",\"contentUrl\":\"https:\\\/\\\/www.botan.fr\\\/pro\\\/wp-content\\\/uploads\\\/2017\\\/02\\\/extracteur-air-filtrant-puretone.jpg\",\"width\":1000,\"height\":1000,\"caption\":\"Extracteur air filtrant Puretone\"},{\"@type\":\"BreadcrumbList\",\"@id\":\"https:\\\/\\\/www.botan.fr\\\/pro\\\/produit\\\/extracteur-dair-filtrant\\\/#breadcrumb\",\"itemListElement\":[{\"@type\":\"ListItem\",\"position\":1,\"name\":\"Accueil\",\"item\":\"https:\\\/\\\/www.botan.fr\\\/pro\\\/\"},{\"@type\":\"ListItem\",\"position\":2,\"name\":\"Boutique Professionnelle\",\"item\":\"https:\\\/\\\/www.botan.fr\\\/pro\\\/boutique\\\/\"},{\"@type\":\"ListItem\",\"position\":3,\"name\":\"Extracteur d&#8217;Air Filtrant PURETONE\"}]},{\"@type\":\"WebSite\",\"@id\":\"https:\\\/\\\/www.botan.fr\\\/pro\\\/#website\",\"url\":\"https:\\\/\\\/www.botan.fr\\\/pro\\\/\",\"name\":\"BOTAN Professional\",\"description\":\"\",\"alternateName\":\"B\u00b7O\u00b7T\u00b7A\u00b7N\",\"potentialAction\":[{\"@type\":\"SearchAction\",\"target\":{\"@type\":\"EntryPoint\",\"urlTemplate\":\"https:\\\/\\\/www.botan.fr\\\/pro\\\/?s={search_term_string}\"},\"query-input\":{\"@type\":\"PropertyValueSpecification\",\"valueRequired\":true,\"valueName\":\"search_term_string\"}}],\"inLanguage\":\"fr-FR\"}]}<\/script>\n<!-- \/ Yoast SEO plugin. -->","yoast_head_json":{"title":"Extracteur d'Air Filtrant PURETONE &#8212; BOTAN Professional","description":"L'Extracteur d'Air Puretone pour le Spray Tanning est con\u00e7u pour ventiler et recueillir toutes les particules qui pourraient \u00eatre en exc\u00e8s.","robots":{"index":"index","follow":"follow","max-snippet":"max-snippet:-1","max-image-preview":"max-image-preview:large","max-video-preview":"max-video-preview:-1"},"canonical":"https:\/\/www.botan.fr\/pro\/produit\/extracteur-dair-filtrant\/","og_locale":"fr_FR","og_type":"article","og_title":"Extracteur d'Air Filtrant PURETONE &#8212; BOTAN Professional","og_description":"L'Extracteur d'Air Puretone pour le Spray Tanning est con\u00e7u pour ventiler et recueillir toutes les particules qui pourraient \u00eatre en exc\u00e8s.","og_url":"https:\/\/www.botan.fr\/pro\/produit\/extracteur-dair-filtrant\/","og_site_name":"BOTAN Professional","article_publisher":"https:\/\/www.facebook.com\/botancosmetics\/","article_modified_time":"2026-04-27T21:24:55+00:00","og_image":[{"width":1000,"height":1000,"url":"https:\/\/www.botan.fr\/pro\/wp-content\/uploads\/2017\/02\/extracteur-air-filtrant-puretone.jpg","type":"image\/jpeg"}],"twitter_card":"summary_large_image","twitter_misc":{"Dur\u00e9e de lecture estim\u00e9e":"2 minutes"},"schema":{"@context":"https:\/\/schema.org","@graph":[{"@type":"WebPage","@id":"https:\/\/www.botan.fr\/pro\/produit\/extracteur-dair-filtrant\/","url":"https:\/\/www.botan.fr\/pro\/produit\/extracteur-dair-filtrant\/","name":"Extracteur d'Air Filtrant PURETONE &#8212; BOTAN Professional","isPartOf":{"@id":"https:\/\/www.botan.fr\/pro\/#website"},"primaryImageOfPage":{"@id":"https:\/\/www.botan.fr\/pro\/produit\/extracteur-dair-filtrant\/#primaryimage"},"image":{"@id":"https:\/\/www.botan.fr\/pro\/produit\/extracteur-dair-filtrant\/#primaryimage"},"thumbnailUrl":"https:\/\/www.botan.fr\/pro\/wp-content\/uploads\/2017\/02\/extracteur-air-filtrant-puretone.jpg","datePublished":"2017-02-11T13:01:35+00:00","dateModified":"2026-04-27T21:24:55+00:00","description":"L'Extracteur d'Air Puretone pour le Spray Tanning est con\u00e7u pour ventiler et recueillir toutes les particules qui pourraient \u00eatre en exc\u00e8s.","breadcrumb":{"@id":"https:\/\/www.botan.fr\/pro\/produit\/extracteur-dair-filtrant\/#breadcrumb"},"inLanguage":"fr-FR","potentialAction":[{"@type":"ReadAction","target":["https:\/\/www.botan.fr\/pro\/produit\/extracteur-dair-filtrant\/"]}]},{"@type":"ImageObject","inLanguage":"fr-FR","@id":"https:\/\/www.botan.fr\/pro\/produit\/extracteur-dair-filtrant\/#primaryimage","url":"https:\/\/www.botan.fr\/pro\/wp-content\/uploads\/2017\/02\/extracteur-air-filtrant-puretone.jpg","contentUrl":"https:\/\/www.botan.fr\/pro\/wp-content\/uploads\/2017\/02\/extracteur-air-filtrant-puretone.jpg","width":1000,"height":1000,"caption":"Extracteur air filtrant Puretone"},{"@type":"BreadcrumbList","@id":"https:\/\/www.botan.fr\/pro\/produit\/extracteur-dair-filtrant\/#breadcrumb","itemListElement":[{"@type":"ListItem","position":1,"name":"Accueil","item":"https:\/\/www.botan.fr\/pro\/"},{"@type":"ListItem","position":2,"name":"Boutique Professionnelle","item":"https:\/\/www.botan.fr\/pro\/boutique\/"},{"@type":"ListItem","position":3,"name":"Extracteur d&#8217;Air Filtrant PURETONE"}]},{"@type":"WebSite","@id":"https:\/\/www.botan.fr\/pro\/#website","url":"https:\/\/www.botan.fr\/pro\/","name":"BOTAN Professional","description":"","alternateName":"B\u00b7O\u00b7T\u00b7A\u00b7N","potentialAction":[{"@type":"SearchAction","target":{"@type":"EntryPoint","urlTemplate":"https:\/\/www.botan.fr\/pro\/?s={search_term_string}"},"query-input":{"@type":"PropertyValueSpecification","valueRequired":true,"valueName":"search_term_string"}}],"inLanguage":"fr-FR"}]}},"acf":[],"_links":{"self":[{"href":"https:\/\/www.botan.fr\/pro\/wp-json\/wp\/v2\/product\/1383","targetHints":{"allow":["GET"]}}],"collection":[{"href":"https:\/\/www.botan.fr\/pro\/wp-json\/wp\/v2\/product"}],"about":[{"href":"https:\/\/www.botan.fr\/pro\/wp-json\/wp\/v2\/types\/product"}],"replies":[{"embeddable":true,"href":"https:\/\/www.botan.fr\/pro\/wp-json\/wp\/v2\/comments?post=1383"}],"version-history":[{"count":2,"href":"https:\/\/www.botan.fr\/pro\/wp-json\/wp\/v2\/product\/1383\/revisions"}],"predecessor-version":[{"id":8270,"href":"https:\/\/www.botan.fr\/pro\/wp-json\/wp\/v2\/product\/1383\/revisions\/8270"}],"wp:featuredmedia":[{"embeddable":true,"href":"https:\/\/www.botan.fr\/pro\/wp-json\/wp\/v2\/media\/17995"}],"wp:attachment":[{"href":"https:\/\/www.botan.fr\/pro\/wp-json\/wp\/v2\/media?parent=1383"}],"wp:term":[{"taxonomy":"product_brand","embeddable":true,"href":"https:\/\/www.botan.fr\/pro\/wp-json\/wp\/v2\/product_brand?post=1383"},{"taxonomy":"product_cat","embeddable":true,"href":"https:\/\/www.botan.fr\/pro\/wp-json\/wp\/v2\/product_cat?post=1383"},{"taxonomy":"product_tag","embeddable":true,"href":"https:\/\/www.botan.fr\/pro\/wp-json\/wp\/v2\/product_tag?post=1383"}],"curies":[{"name":"wp","href":"https:\/\/api.w.org\/{rel}","templated":true}]}}