{"id":15042,"date":"2022-08-02T10:53:23","date_gmt":"2022-08-02T08:53:23","guid":{"rendered":"https:\/\/www.botan-cosmetics.com\/pro\/?post_type=product&#038;p=15042"},"modified":"2026-04-06T16:52:43","modified_gmt":"2026-04-06T14:52:43","slug":"commande-de-lotions-en-un-clic","status":"publish","type":"product","link":"https:\/\/www.botan.fr\/pro\/produit\/commande-de-lotions-en-un-clic\/","title":{"rendered":"COMMANDE DE LOTIONS BRONZANTES"},"content":{"rendered":"<p>[vc_row row_type=&#8221;row&#8221; use_row_as_full_screen_section=&#8221;no&#8221; angled_section=&#8221;no&#8221; text_align=&#8221;left&#8221; background_image_as_pattern=&#8221;without_pattern&#8221;][vc_column][vc_column_text]<\/p>\n<h2 style=\"text-align: center;\">Prix d\u00e9gressifs en fonction de la quantit\u00e9 (en panachage)<\/h2>\n<p>[\/vc_column_text][vc_empty_space height=&#8221;16px&#8221;][vc_column_text]<\/p>\n<table class=\"pack-compar\">\n<tbody>\n<tr>\n<th style=\"text-align: center;\" width=\"50%\"><strong>Quantit\u00e9s<\/strong><\/th>\n<th style=\"text-align: center;\"><strong>R\u00e9duction imm\u00e9diate<\/strong><\/th>\n<\/tr>\n<tr>\n<td style=\"text-align: center;\">4 Litres<\/td>\n<td style=\"text-align: center;\"><strong>-5%<\/strong><\/td>\n<\/tr>\n<tr>\n<td style=\"text-align: center;\">8 Litres<\/td>\n<td style=\"text-align: center;\"><strong>-10%<\/strong><\/td>\n<\/tr>\n<tr>\n<td style=\"text-align: center;\">12 Litres<\/td>\n<td style=\"text-align: center;\"><strong>-15%<\/strong><\/td>\n<\/tr>\n<tr>\n<td style=\"text-align: center;\">24 Litres<\/td>\n<td style=\"text-align: center;\"><strong>-25%<\/strong><\/td>\n<\/tr>\n<\/tbody>\n<\/table>\n<p>[\/vc_column_text][vc_empty_space]<style>body:not(.is-mobile) .b-button-713373189 a.button:hover {border-color: #000000;color: #000000;}<\/style><div class=\"barberry-button-container b-button_center b-button-713373189\"><a href=\"https:\/\/www.botan.fr\/pro\/quelle-lotion-autobronzante-spray-tan-choisir\/\" class=\"b-button_large button\" target=\"\" rel=\"\" title=\"Quelle Lotion Choisir ?\" style=\"background-color:#000000;border-color:#000000\">Quelle Lotion Choisir ?<\/a><\/div>\n    \n    \n    [vc_empty_space][\/vc_column][\/vc_row][vc_row full_width=&#8221;stretch_row&#8221; css_animation=&#8221;none&#8221; css=&#8221;.vc_custom_1652027137110{background-color: #f4f4f4 !important;}&#8221;][vc_column css_animation=&#8221;none&#8221; width=&#8221;1\/4&#8243;][vc_empty_space height=&#8221;30px&#8221;][vc_icon icon_fontawesome=&#8221;fas fa-seedling&#8221; color=&#8221;custom&#8221; size=&#8221;xl&#8221; align=&#8221;center&#8221; custom_color=&#8221;#d0b77b&#8221;][vc_custom_heading text=&#8221;100% Vegan&#8221; font_container=&#8221;tag:h2|font_size:20px|text_align:center&#8221; use_theme_fonts=&#8221;yes&#8221; css=&#8221;.vc_custom_1652030288438{margin-bottom: 0px !important;}&#8221;][vc_empty_space height=&#8221;40px&#8221;][\/vc_column][vc_column width=&#8221;1\/4&#8243;][vc_empty_space height=&#8221;30px&#8221;][vc_icon icon_fontawesome=&#8221;fas fa-feather&#8221; color=&#8221;custom&#8221; size=&#8221;xl&#8221; align=&#8221;center&#8221; custom_color=&#8221;#d0b77b&#8221;][vc_custom_heading text=&#8221;Parfum Hypoallerg\u00e9nique&#8221; font_container=&#8221;tag:h2|font_size:20px|text_align:center&#8221; use_theme_fonts=&#8221;yes&#8221; css=&#8221;.vc_custom_1652030293909{margin-bottom: 0px !important;}&#8221;][vc_empty_space height=&#8221;40px&#8221;][\/vc_column][vc_column width=&#8221;1\/4&#8243;][vc_empty_space height=&#8221;30px&#8221;][vc_icon type=&#8221;material&#8221; icon_material=&#8221;vc-material vc-material-invert_colors_off&#8221; color=&#8221;custom&#8221; size=&#8221;xl&#8221; align=&#8221;center&#8221; custom_color=&#8221;#d0b77b&#8221;][vc_custom_heading text=&#8221;Sans Alcool&#8221; font_container=&#8221;tag:h2|font_size:20px|text_align:center&#8221; use_theme_fonts=&#8221;yes&#8221; css=&#8221;.vc_custom_1652030300932{margin-bottom: 0px !important;}&#8221;][vc_empty_space height=&#8221;40px&#8221;][\/vc_column][vc_column width=&#8221;1\/4&#8243;][vc_empty_space height=&#8221;30px&#8221;][vc_icon icon_fontawesome=&#8221;fas fa-leaf&#8221; color=&#8221;custom&#8221; size=&#8221;xl&#8221; align=&#8221;center&#8221; custom_color=&#8221;#d0b77b&#8221;][vc_custom_heading text=&#8221;98% d&#8217;Origine Naturelle&#8221; font_container=&#8221;tag:h2|font_size:20px|text_align:center&#8221; use_theme_fonts=&#8221;yes&#8221; css=&#8221;.vc_custom_1652030307638{margin-bottom: 0px !important;}&#8221;][vc_empty_space height=&#8221;40px&#8221;][\/vc_column][\/vc_row][vc_row row_type=&#8221;row&#8221; use_row_as_full_screen_section=&#8221;no&#8221; angled_section=&#8221;no&#8221; text_align=&#8221;left&#8221; background_image_as_pattern=&#8221;without_pattern&#8221;][vc_column][vc_empty_space height=&#8221;16px&#8221;][\/vc_column][\/vc_row][vc_row row_type=&#8221;row&#8221; use_row_as_full_screen_section=&#8221;no&#8221; angled_section=&#8221;no&#8221; text_align=&#8221;center&#8221; background_image_as_pattern=&#8221;without_pattern&#8221;][vc_column][vc_column_text]<\/p>\n<p style=\"text-align: justify;\">Formul\u00e9e sp\u00e9cialement pour offrir de superbes r\u00e9sultats avec les appareils de brumisation \u00e0 turbine HVLP, pistolets \u00e0 compresseur ou sprays rechargeables. La lotion brumis\u00e9e laisse un teint dor\u00e9 naturel instantan\u00e9. La peau se r\u00e9v\u00e8le bronz\u00e9e, lumineuse et hydrat\u00e9e avec un doux parfum d\u2019amande douce. Pour obtenir un r\u00e9sultat optimal, \u00e9vitez le contact avec l\u2019eau jusqu\u2019\u00e0 l\u2019intensification du bronzage. S\u2019adapte \u00e0 tout type de peau.<\/p>\n<p>[\/vc_column_text][vc_empty_space height=&#8221;16px&#8221;][vc_column_text]<\/p>\n<p style=\"text-align: justify;\"><strong>MODE D\u2019EMPLOI<\/strong><br \/>\nUtilisez sur une peau s\u00e8che et propre. Suivez les indications du fabriquant pour l\u2019utilisation avec un appareil de brumisation. Refermez toujours le bouchon apr\u00e8s l\u2019utilisation et conservez le bidon dans un endroit frais et sombre.[\/vc_column_text][vc_empty_space height=&#8221;16px&#8221;][vc_column_text]<\/p>\n<p style=\"text-align: justify;\">Les solutions BOTAN sont \u00e9labor\u00e9es pour un s\u00e9chage rapide, pour le bien-\u00eatre de vos clients. Inutile de rajouter de la poudre Talc. Ne contient pas de protection solaire.<\/p>\n<p>[\/vc_column_text][vc_empty_space height=&#8221;16px&#8221;][vc_column_text]<\/p>\n<h2 style=\"text-align: center;\">Un Bronzage in\u00e9gal\u00e9<\/h2>\n<p>[\/vc_column_text][vc_empty_space height=&#8221;16px&#8221;][\/vc_column][\/vc_row][vc_row][vc_column width=&#8221;1\/3&#8243;][vc_column_text]<\/p>\n<p style=\"text-align: justify;\">D\u00e9couvrez le <a href=\"https:\/\/www.botan.fr\/pro\/produit\/hvlp-spray-tanning-appareil-professionnel-lux6900\/\">Compresseur HVLP LUX6900<\/a>. Bronzer n&#8217;a jamais \u00e9t\u00e9 aussi simple !<\/p>\n<p>[\/vc_column_text][\/vc_column][vc_column width=&#8221;2\/3&#8243;][vc_video link=&#8221;https:\/\/www.youtube.com\/watch?v=MIVrTVPv5r8&#8243; align=&#8221;center&#8221;][\/vc_column][\/vc_row]<\/p>\n","protected":false},"excerpt":{"rendered":"<p>[display-delivery][support-question]<\/p>\n","protected":false},"featured_media":22517,"comment_status":"closed","ping_status":"closed","template":"","meta":[],"product_brand":[],"product_cat":[101,115,117,61],"product_tag":[],"class_list":{"0":"post-15042","1":"product","2":"type-product","3":"status-publish","4":"has-post-thumbnail","6":"product_cat-lotions-rapid","7":"product_cat-parfum-amande-douce","8":"product_cat-parfum-cocktail-de-fruits","9":"product_cat-lotions-professionnelles","11":"first","12":"instock","13":"taxable","14":"shipping-taxable","15":"product-type-grouped"},"yoast_head":"<!-- This site is optimized with the Yoast SEO plugin v27.4 - https:\/\/yoast.com\/product\/yoast-seo-wordpress\/ -->\n<title>COMMANDE DE LOTIONS BRONZANTES &#8212; BOTAN Professional<\/title>\n<meta name=\"robots\" content=\"index, follow, max-snippet:-1, max-image-preview:large, max-video-preview:-1\" \/>\n<link rel=\"canonical\" href=\"https:\/\/www.botan.fr\/pro\/produit\/commande-de-lotions-en-un-clic\/\" \/>\n<meta property=\"og:locale\" content=\"fr_FR\" \/>\n<meta property=\"og:type\" content=\"article\" \/>\n<meta property=\"og:title\" content=\"COMMANDE DE LOTIONS BRONZANTES &#8212; BOTAN Professional\" \/>\n<meta property=\"og:url\" content=\"https:\/\/www.botan.fr\/pro\/produit\/commande-de-lotions-en-un-clic\/\" \/>\n<meta property=\"og:site_name\" content=\"BOTAN Professional\" \/>\n<meta property=\"article:publisher\" content=\"https:\/\/www.facebook.com\/botancosmetics\/\" \/>\n<meta property=\"article:modified_time\" content=\"2026-04-06T14:52:43+00:00\" \/>\n<meta property=\"og:image\" content=\"https:\/\/www.botan.fr\/pro\/wp-content\/uploads\/2022\/08\/commande-de-lotions-en-panachage.jpg\" \/>\n\t<meta property=\"og:image:width\" content=\"1000\" \/>\n\t<meta property=\"og:image:height\" content=\"1000\" \/>\n\t<meta property=\"og:image:type\" content=\"image\/jpeg\" \/>\n<meta name=\"twitter:card\" content=\"summary_large_image\" \/>\n<meta name=\"twitter:description\" content=\"[display-delivery][support-question]\" \/>\n<meta name=\"twitter:label1\" content=\"Dur\u00e9e de lecture estim\u00e9e\" \/>\n\t<meta name=\"twitter:data1\" content=\"2 minutes\" \/>\n<script type=\"application\/ld+json\" class=\"yoast-schema-graph\">{\"@context\":\"https:\\\/\\\/schema.org\",\"@graph\":[{\"@type\":\"WebPage\",\"@id\":\"https:\\\/\\\/www.botan.fr\\\/pro\\\/produit\\\/commande-de-lotions-en-un-clic\\\/\",\"url\":\"https:\\\/\\\/www.botan.fr\\\/pro\\\/produit\\\/commande-de-lotions-en-un-clic\\\/\",\"name\":\"COMMANDE DE LOTIONS BRONZANTES &#8212; BOTAN Professional\",\"isPartOf\":{\"@id\":\"https:\\\/\\\/www.botan.fr\\\/pro\\\/#website\"},\"primaryImageOfPage\":{\"@id\":\"https:\\\/\\\/www.botan.fr\\\/pro\\\/produit\\\/commande-de-lotions-en-un-clic\\\/#primaryimage\"},\"image\":{\"@id\":\"https:\\\/\\\/www.botan.fr\\\/pro\\\/produit\\\/commande-de-lotions-en-un-clic\\\/#primaryimage\"},\"thumbnailUrl\":\"https:\\\/\\\/www.botan.fr\\\/pro\\\/wp-content\\\/uploads\\\/2022\\\/08\\\/commande-de-lotions-en-panachage.jpg\",\"datePublished\":\"2022-08-02T08:53:23+00:00\",\"dateModified\":\"2026-04-06T14:52:43+00:00\",\"breadcrumb\":{\"@id\":\"https:\\\/\\\/www.botan.fr\\\/pro\\\/produit\\\/commande-de-lotions-en-un-clic\\\/#breadcrumb\"},\"inLanguage\":\"fr-FR\",\"potentialAction\":[{\"@type\":\"ReadAction\",\"target\":[\"https:\\\/\\\/www.botan.fr\\\/pro\\\/produit\\\/commande-de-lotions-en-un-clic\\\/\"]}]},{\"@type\":\"ImageObject\",\"inLanguage\":\"fr-FR\",\"@id\":\"https:\\\/\\\/www.botan.fr\\\/pro\\\/produit\\\/commande-de-lotions-en-un-clic\\\/#primaryimage\",\"url\":\"https:\\\/\\\/www.botan.fr\\\/pro\\\/wp-content\\\/uploads\\\/2022\\\/08\\\/commande-de-lotions-en-panachage.jpg\",\"contentUrl\":\"https:\\\/\\\/www.botan.fr\\\/pro\\\/wp-content\\\/uploads\\\/2022\\\/08\\\/commande-de-lotions-en-panachage.jpg\",\"width\":1000,\"height\":1000,\"caption\":\"Lotion Autobronzante\"},{\"@type\":\"BreadcrumbList\",\"@id\":\"https:\\\/\\\/www.botan.fr\\\/pro\\\/produit\\\/commande-de-lotions-en-un-clic\\\/#breadcrumb\",\"itemListElement\":[{\"@type\":\"ListItem\",\"position\":1,\"name\":\"Accueil\",\"item\":\"https:\\\/\\\/www.botan.fr\\\/pro\\\/\"},{\"@type\":\"ListItem\",\"position\":2,\"name\":\"Boutique Professionnelle\",\"item\":\"https:\\\/\\\/www.botan.fr\\\/pro\\\/boutique\\\/\"},{\"@type\":\"ListItem\",\"position\":3,\"name\":\"COMMANDE DE LOTIONS BRONZANTES\"}]},{\"@type\":\"WebSite\",\"@id\":\"https:\\\/\\\/www.botan.fr\\\/pro\\\/#website\",\"url\":\"https:\\\/\\\/www.botan.fr\\\/pro\\\/\",\"name\":\"BOTAN Professional\",\"description\":\"\",\"alternateName\":\"B\u00b7O\u00b7T\u00b7A\u00b7N\",\"potentialAction\":[{\"@type\":\"SearchAction\",\"target\":{\"@type\":\"EntryPoint\",\"urlTemplate\":\"https:\\\/\\\/www.botan.fr\\\/pro\\\/?s={search_term_string}\"},\"query-input\":{\"@type\":\"PropertyValueSpecification\",\"valueRequired\":true,\"valueName\":\"search_term_string\"}}],\"inLanguage\":\"fr-FR\"}]}<\/script>\n<!-- \/ Yoast SEO plugin. -->","yoast_head_json":{"title":"COMMANDE DE LOTIONS BRONZANTES &#8212; BOTAN Professional","robots":{"index":"index","follow":"follow","max-snippet":"max-snippet:-1","max-image-preview":"max-image-preview:large","max-video-preview":"max-video-preview:-1"},"canonical":"https:\/\/www.botan.fr\/pro\/produit\/commande-de-lotions-en-un-clic\/","og_locale":"fr_FR","og_type":"article","og_title":"COMMANDE DE LOTIONS BRONZANTES &#8212; BOTAN Professional","og_url":"https:\/\/www.botan.fr\/pro\/produit\/commande-de-lotions-en-un-clic\/","og_site_name":"BOTAN Professional","article_publisher":"https:\/\/www.facebook.com\/botancosmetics\/","article_modified_time":"2026-04-06T14:52:43+00:00","og_image":[{"width":1000,"height":1000,"url":"https:\/\/www.botan.fr\/pro\/wp-content\/uploads\/2022\/08\/commande-de-lotions-en-panachage.jpg","type":"image\/jpeg"}],"twitter_card":"summary_large_image","twitter_description":"[display-delivery][support-question]","twitter_misc":{"Dur\u00e9e de lecture estim\u00e9e":"2 minutes"},"schema":{"@context":"https:\/\/schema.org","@graph":[{"@type":"WebPage","@id":"https:\/\/www.botan.fr\/pro\/produit\/commande-de-lotions-en-un-clic\/","url":"https:\/\/www.botan.fr\/pro\/produit\/commande-de-lotions-en-un-clic\/","name":"COMMANDE DE LOTIONS BRONZANTES &#8212; BOTAN Professional","isPartOf":{"@id":"https:\/\/www.botan.fr\/pro\/#website"},"primaryImageOfPage":{"@id":"https:\/\/www.botan.fr\/pro\/produit\/commande-de-lotions-en-un-clic\/#primaryimage"},"image":{"@id":"https:\/\/www.botan.fr\/pro\/produit\/commande-de-lotions-en-un-clic\/#primaryimage"},"thumbnailUrl":"https:\/\/www.botan.fr\/pro\/wp-content\/uploads\/2022\/08\/commande-de-lotions-en-panachage.jpg","datePublished":"2022-08-02T08:53:23+00:00","dateModified":"2026-04-06T14:52:43+00:00","breadcrumb":{"@id":"https:\/\/www.botan.fr\/pro\/produit\/commande-de-lotions-en-un-clic\/#breadcrumb"},"inLanguage":"fr-FR","potentialAction":[{"@type":"ReadAction","target":["https:\/\/www.botan.fr\/pro\/produit\/commande-de-lotions-en-un-clic\/"]}]},{"@type":"ImageObject","inLanguage":"fr-FR","@id":"https:\/\/www.botan.fr\/pro\/produit\/commande-de-lotions-en-un-clic\/#primaryimage","url":"https:\/\/www.botan.fr\/pro\/wp-content\/uploads\/2022\/08\/commande-de-lotions-en-panachage.jpg","contentUrl":"https:\/\/www.botan.fr\/pro\/wp-content\/uploads\/2022\/08\/commande-de-lotions-en-panachage.jpg","width":1000,"height":1000,"caption":"Lotion Autobronzante"},{"@type":"BreadcrumbList","@id":"https:\/\/www.botan.fr\/pro\/produit\/commande-de-lotions-en-un-clic\/#breadcrumb","itemListElement":[{"@type":"ListItem","position":1,"name":"Accueil","item":"https:\/\/www.botan.fr\/pro\/"},{"@type":"ListItem","position":2,"name":"Boutique Professionnelle","item":"https:\/\/www.botan.fr\/pro\/boutique\/"},{"@type":"ListItem","position":3,"name":"COMMANDE DE LOTIONS BRONZANTES"}]},{"@type":"WebSite","@id":"https:\/\/www.botan.fr\/pro\/#website","url":"https:\/\/www.botan.fr\/pro\/","name":"BOTAN Professional","description":"","alternateName":"B\u00b7O\u00b7T\u00b7A\u00b7N","potentialAction":[{"@type":"SearchAction","target":{"@type":"EntryPoint","urlTemplate":"https:\/\/www.botan.fr\/pro\/?s={search_term_string}"},"query-input":{"@type":"PropertyValueSpecification","valueRequired":true,"valueName":"search_term_string"}}],"inLanguage":"fr-FR"}]}},"acf":[],"_links":{"self":[{"href":"https:\/\/www.botan.fr\/pro\/wp-json\/wp\/v2\/product\/15042","targetHints":{"allow":["GET"]}}],"collection":[{"href":"https:\/\/www.botan.fr\/pro\/wp-json\/wp\/v2\/product"}],"about":[{"href":"https:\/\/www.botan.fr\/pro\/wp-json\/wp\/v2\/types\/product"}],"replies":[{"embeddable":true,"href":"https:\/\/www.botan.fr\/pro\/wp-json\/wp\/v2\/comments?post=15042"}],"version-history":[{"count":3,"href":"https:\/\/www.botan.fr\/pro\/wp-json\/wp\/v2\/product\/15042\/revisions"}],"predecessor-version":[{"id":26797,"href":"https:\/\/www.botan.fr\/pro\/wp-json\/wp\/v2\/product\/15042\/revisions\/26797"}],"wp:featuredmedia":[{"embeddable":true,"href":"https:\/\/www.botan.fr\/pro\/wp-json\/wp\/v2\/media\/22517"}],"wp:attachment":[{"href":"https:\/\/www.botan.fr\/pro\/wp-json\/wp\/v2\/media?parent=15042"}],"wp:term":[{"taxonomy":"product_brand","embeddable":true,"href":"https:\/\/www.botan.fr\/pro\/wp-json\/wp\/v2\/product_brand?post=15042"},{"taxonomy":"product_cat","embeddable":true,"href":"https:\/\/www.botan.fr\/pro\/wp-json\/wp\/v2\/product_cat?post=15042"},{"taxonomy":"product_tag","embeddable":true,"href":"https:\/\/www.botan.fr\/pro\/wp-json\/wp\/v2\/product_tag?post=15042"}],"curies":[{"name":"wp","href":"https:\/\/api.w.org\/{rel}","templated":true}]}}