{"id":19580,"date":"2023-08-17T15:29:44","date_gmt":"2023-08-17T13:29:44","guid":{"rendered":"https:\/\/www.botan-cosmetics.com\/pro\/?post_type=product&#038;p=19580"},"modified":"2026-04-22T13:04:54","modified_gmt":"2026-04-22T11:04:54","slug":"pinceau-magic-perfection-brush","status":"publish","type":"product","link":"https:\/\/www.botan.fr\/pro\/produit\/pinceau-magic-perfection-brush\/","title":{"rendered":"PINCEAU MAGIC PERFECTION BRUSH"},"content":{"rendered":"<p>[vc_row equal_height=&#8221;yes&#8221; content_placement=&#8221;middle&#8221; row_type=&#8221;row&#8221; use_row_as_full_screen_section=&#8221;no&#8221; angled_section=&#8221;no&#8221; text_align=&#8221;left&#8221; background_image_as_pattern=&#8221;without_pattern&#8221;][vc_column css=&#8221;.vc_custom_1692278696277{margin-top: 0px !important;margin-right: 0px !important;margin-bottom: 0px !important;margin-left: 0px !important;padding-top: 0px !important;padding-right: 0px !important;padding-bottom: 0px !important;padding-left: 0px !important;}&#8221;][vc_column_text]<\/p>\n<h2 style=\"text-align: center;\">Pinceau Magic Perfection Brush : Faites l&#8217;exp\u00e9rience de la perfection absolue.<\/h2>\n<p>[\/vc_column_text][vc_column_text]<\/p>\n<p style=\"text-align: justify;\">Ajoutez une touche de perfection <span class=\"ContentPasted0\">d&#8217;un simple geste<\/span> simple et efficace pour obtenir une finition impeccable \u00e0 chaque application.<\/p>\n<p>[\/vc_column_text][vc_empty_space height=&#8221;16px&#8221;][vc_column_text]<\/p>\n<p style=\"text-align: justify;\">Le Pinceau Magic Perfection Brush est le secret ultime pour un <a href=\"https:\/\/www.botan.fr\/pro\/produit\/lotion-autobronzante-rapid-14-1l-parfum-cocktail-de-fruits\/\" target=\"_blank\" rel=\"noopener\">r\u00e9sultat encore plus impeccable<\/a>.<\/p>\n<p>[\/vc_column_text][vc_empty_space height=&#8221;16px&#8221;][vc_column_text]<\/p>\n<p style=\"text-align: justify;\">Imaginez un pinceau qui sait tout faire : \u00e9taler, combler et m\u00eame effacer les traces ind\u00e9sirables ou les plis g\u00eanants, peu importe la zone. Dites adieu aux soucis de pli fessier, bras, cou ou poitrine. Polyvalent, il deviendra rapidement votre meilleur ami beaut\u00e9. Ses poils ont \u00e9t\u00e9 sp\u00e9cifiquement s\u00e9lectionn\u00e9s pour \u00eatre \u00e0 la fois suffisamment souple et pas trop rigide.<\/p>\n<p>[\/vc_column_text][vc_empty_space height=&#8221;16px&#8221;][vc_column_text]<\/p>\n<p style=\"text-align: justify;\">Si vous \u00eates fan d&#8217;une touche finale parfaite, le Pinceau Magic Perfection Brush est votre alli\u00e9. Utilisez-le pour parfaire les poignets, apr\u00e8s l&#8217;application du gel pour les mains.<\/p>\n<p>[\/vc_column_text][vc_empty_space height=&#8221;16px&#8221;][vc_column_text]<\/p>\n<h3 style=\"text-align: center;\"><strong>Un look impeccable et soign\u00e9, pr\u00eat \u00e0 conqu\u00e9rir le monde en beaut\u00e9<\/strong><\/h3>\n<p>[\/vc_column_text][vc_empty_space height=&#8221;16px&#8221;][vc_column_text]<\/p>\n<p style=\"text-align: justify;\">Katy P., qui exige la perfection, a inspir\u00e9 ce pinceau incroyable. Rejoignez le mouvement et d\u00e9couvrez par vous-m\u00eame comment le Pinceau Magic Perfection Brush peut r\u00e9volutionner votre <a href=\"https:\/\/www.botan.fr\/rendez-vous-spray-tan\/\" target=\"_blank\" rel=\"noopener\">prestation beaut\u00e9<\/a>.<\/p>\n<p>[\/vc_column_text][vc_empty_space height=&#8221;16px&#8221;][vc_column_text]<\/p>\n<p style=\"text-align: justify;\">Obtenez d\u00e8s maintenant le pinceau qui va transformer vos s\u00e9ances en un moment de perfection pure !<\/p>\n<p>[\/vc_column_text][\/vc_column][\/vc_row]<\/p>\n","protected":false},"excerpt":{"rendered":"<ul class=\"tick\">\n<li><strong>Contr\u00f4le pr\u00e9cis<\/strong><\/li>\n<li>Facilit\u00e9 d&#8217;utilisation<\/li>\n<li>Estompage facile<\/li>\n<li>Durabilit\u00e9<\/li>\n<\/ul>\n<p>[display-delivery]<br \/>\n[support-question]<\/p>\n","protected":false},"featured_media":19581,"comment_status":"open","ping_status":"closed","template":"","meta":[],"product_brand":[],"product_cat":[150,63],"product_tag":[],"class_list":{"0":"post-19580","1":"product","2":"type-product","3":"status-publish","4":"has-post-thumbnail","6":"product_cat-accessoires","7":"product_cat-equipements","9":"first","10":"instock","11":"taxable","12":"shipping-taxable","13":"product-type-simple"},"yoast_head":"<!-- This site is optimized with the Yoast SEO plugin v27.5 - https:\/\/yoast.com\/product\/yoast-seo-wordpress\/ -->\n<title>PINCEAU MAGIC PERFECTION BRUSH &#8212; BOTAN Professional<\/title>\n<meta name=\"description\" content=\"Le Pinceau Magic Perfection Brush vous apporte la perfection d&#039;un simple geste. Il efface les moindres plis et traces, s&#039;adaptant \u00e0 toutes les zones.\" \/>\n<meta name=\"robots\" content=\"index, follow, max-snippet:-1, max-image-preview:large, max-video-preview:-1\" \/>\n<link rel=\"canonical\" href=\"https:\/\/www.botan.fr\/pro\/produit\/pinceau-magic-perfection-brush\/\" \/>\n<meta property=\"og:locale\" content=\"fr_FR\" \/>\n<meta property=\"og:type\" content=\"article\" \/>\n<meta property=\"og:title\" content=\"PINCEAU MAGIC PERFECTION BRUSH &#8212; BOTAN Professional\" \/>\n<meta property=\"og:description\" content=\"Le Pinceau Magic Perfection Brush vous apporte la perfection d&#039;un simple geste. Il efface les moindres plis et traces, s&#039;adaptant \u00e0 toutes les zones.\" \/>\n<meta property=\"og:url\" content=\"https:\/\/www.botan.fr\/pro\/produit\/pinceau-magic-perfection-brush\/\" \/>\n<meta property=\"og:site_name\" content=\"BOTAN Professional\" \/>\n<meta property=\"article:publisher\" content=\"https:\/\/www.facebook.com\/botancosmetics\/\" \/>\n<meta property=\"article:modified_time\" content=\"2026-04-22T11:04:54+00:00\" \/>\n<meta property=\"og:image\" content=\"https:\/\/www.botan.fr\/pro\/wp-content\/uploads\/2023\/08\/pinceau-perfection-brush.jpg\" \/>\n\t<meta property=\"og:image:width\" content=\"1000\" \/>\n\t<meta property=\"og:image:height\" content=\"1000\" \/>\n\t<meta property=\"og:image:type\" content=\"image\/jpeg\" \/>\n<meta name=\"twitter:card\" content=\"summary_large_image\" \/>\n<meta name=\"twitter:label1\" content=\"Dur\u00e9e de lecture estim\u00e9e\" \/>\n\t<meta name=\"twitter:data1\" content=\"2 minutes\" \/>\n<script type=\"application\/ld+json\" class=\"yoast-schema-graph\">{\"@context\":\"https:\\\/\\\/schema.org\",\"@graph\":[{\"@type\":\"WebPage\",\"@id\":\"https:\\\/\\\/www.botan.fr\\\/pro\\\/produit\\\/pinceau-magic-perfection-brush\\\/\",\"url\":\"https:\\\/\\\/www.botan.fr\\\/pro\\\/produit\\\/pinceau-magic-perfection-brush\\\/\",\"name\":\"PINCEAU MAGIC PERFECTION BRUSH &#8212; BOTAN Professional\",\"isPartOf\":{\"@id\":\"https:\\\/\\\/www.botan.fr\\\/pro\\\/#website\"},\"primaryImageOfPage\":{\"@id\":\"https:\\\/\\\/www.botan.fr\\\/pro\\\/produit\\\/pinceau-magic-perfection-brush\\\/#primaryimage\"},\"image\":{\"@id\":\"https:\\\/\\\/www.botan.fr\\\/pro\\\/produit\\\/pinceau-magic-perfection-brush\\\/#primaryimage\"},\"thumbnailUrl\":\"https:\\\/\\\/www.botan.fr\\\/pro\\\/wp-content\\\/uploads\\\/2023\\\/08\\\/pinceau-perfection-brush.jpg\",\"datePublished\":\"2023-08-17T13:29:44+00:00\",\"dateModified\":\"2026-04-22T11:04:54+00:00\",\"description\":\"Le Pinceau Magic Perfection Brush vous apporte la perfection d'un simple geste. Il efface les moindres plis et traces, s'adaptant \u00e0 toutes les zones.\",\"breadcrumb\":{\"@id\":\"https:\\\/\\\/www.botan.fr\\\/pro\\\/produit\\\/pinceau-magic-perfection-brush\\\/#breadcrumb\"},\"inLanguage\":\"fr-FR\",\"potentialAction\":[{\"@type\":\"ReadAction\",\"target\":[\"https:\\\/\\\/www.botan.fr\\\/pro\\\/produit\\\/pinceau-magic-perfection-brush\\\/\"]}]},{\"@type\":\"ImageObject\",\"inLanguage\":\"fr-FR\",\"@id\":\"https:\\\/\\\/www.botan.fr\\\/pro\\\/produit\\\/pinceau-magic-perfection-brush\\\/#primaryimage\",\"url\":\"https:\\\/\\\/www.botan.fr\\\/pro\\\/wp-content\\\/uploads\\\/2023\\\/08\\\/pinceau-perfection-brush.jpg\",\"contentUrl\":\"https:\\\/\\\/www.botan.fr\\\/pro\\\/wp-content\\\/uploads\\\/2023\\\/08\\\/pinceau-perfection-brush.jpg\",\"width\":1000,\"height\":1000,\"caption\":\"Pinceau Perfection Applicateur Brush\"},{\"@type\":\"BreadcrumbList\",\"@id\":\"https:\\\/\\\/www.botan.fr\\\/pro\\\/produit\\\/pinceau-magic-perfection-brush\\\/#breadcrumb\",\"itemListElement\":[{\"@type\":\"ListItem\",\"position\":1,\"name\":\"Accueil\",\"item\":\"https:\\\/\\\/www.botan.fr\\\/pro\\\/\"},{\"@type\":\"ListItem\",\"position\":2,\"name\":\"Boutique Professionnelle\",\"item\":\"https:\\\/\\\/www.botan.fr\\\/pro\\\/boutique\\\/\"},{\"@type\":\"ListItem\",\"position\":3,\"name\":\"PINCEAU MAGIC PERFECTION BRUSH\"}]},{\"@type\":\"WebSite\",\"@id\":\"https:\\\/\\\/www.botan.fr\\\/pro\\\/#website\",\"url\":\"https:\\\/\\\/www.botan.fr\\\/pro\\\/\",\"name\":\"BOTAN Professional\",\"description\":\"\",\"alternateName\":\"B\u00b7O\u00b7T\u00b7A\u00b7N\",\"potentialAction\":[{\"@type\":\"SearchAction\",\"target\":{\"@type\":\"EntryPoint\",\"urlTemplate\":\"https:\\\/\\\/www.botan.fr\\\/pro\\\/?s={search_term_string}\"},\"query-input\":{\"@type\":\"PropertyValueSpecification\",\"valueRequired\":true,\"valueName\":\"search_term_string\"}}],\"inLanguage\":\"fr-FR\"}]}<\/script>\n<!-- \/ Yoast SEO plugin. -->","yoast_head_json":{"title":"PINCEAU MAGIC PERFECTION BRUSH &#8212; BOTAN Professional","description":"Le Pinceau Magic Perfection Brush vous apporte la perfection d'un simple geste. Il efface les moindres plis et traces, s'adaptant \u00e0 toutes les zones.","robots":{"index":"index","follow":"follow","max-snippet":"max-snippet:-1","max-image-preview":"max-image-preview:large","max-video-preview":"max-video-preview:-1"},"canonical":"https:\/\/www.botan.fr\/pro\/produit\/pinceau-magic-perfection-brush\/","og_locale":"fr_FR","og_type":"article","og_title":"PINCEAU MAGIC PERFECTION BRUSH &#8212; BOTAN Professional","og_description":"Le Pinceau Magic Perfection Brush vous apporte la perfection d'un simple geste. Il efface les moindres plis et traces, s'adaptant \u00e0 toutes les zones.","og_url":"https:\/\/www.botan.fr\/pro\/produit\/pinceau-magic-perfection-brush\/","og_site_name":"BOTAN Professional","article_publisher":"https:\/\/www.facebook.com\/botancosmetics\/","article_modified_time":"2026-04-22T11:04:54+00:00","og_image":[{"width":1000,"height":1000,"url":"https:\/\/www.botan.fr\/pro\/wp-content\/uploads\/2023\/08\/pinceau-perfection-brush.jpg","type":"image\/jpeg"}],"twitter_card":"summary_large_image","twitter_misc":{"Dur\u00e9e de lecture estim\u00e9e":"2 minutes"},"schema":{"@context":"https:\/\/schema.org","@graph":[{"@type":"WebPage","@id":"https:\/\/www.botan.fr\/pro\/produit\/pinceau-magic-perfection-brush\/","url":"https:\/\/www.botan.fr\/pro\/produit\/pinceau-magic-perfection-brush\/","name":"PINCEAU MAGIC PERFECTION BRUSH &#8212; BOTAN Professional","isPartOf":{"@id":"https:\/\/www.botan.fr\/pro\/#website"},"primaryImageOfPage":{"@id":"https:\/\/www.botan.fr\/pro\/produit\/pinceau-magic-perfection-brush\/#primaryimage"},"image":{"@id":"https:\/\/www.botan.fr\/pro\/produit\/pinceau-magic-perfection-brush\/#primaryimage"},"thumbnailUrl":"https:\/\/www.botan.fr\/pro\/wp-content\/uploads\/2023\/08\/pinceau-perfection-brush.jpg","datePublished":"2023-08-17T13:29:44+00:00","dateModified":"2026-04-22T11:04:54+00:00","description":"Le Pinceau Magic Perfection Brush vous apporte la perfection d'un simple geste. Il efface les moindres plis et traces, s'adaptant \u00e0 toutes les zones.","breadcrumb":{"@id":"https:\/\/www.botan.fr\/pro\/produit\/pinceau-magic-perfection-brush\/#breadcrumb"},"inLanguage":"fr-FR","potentialAction":[{"@type":"ReadAction","target":["https:\/\/www.botan.fr\/pro\/produit\/pinceau-magic-perfection-brush\/"]}]},{"@type":"ImageObject","inLanguage":"fr-FR","@id":"https:\/\/www.botan.fr\/pro\/produit\/pinceau-magic-perfection-brush\/#primaryimage","url":"https:\/\/www.botan.fr\/pro\/wp-content\/uploads\/2023\/08\/pinceau-perfection-brush.jpg","contentUrl":"https:\/\/www.botan.fr\/pro\/wp-content\/uploads\/2023\/08\/pinceau-perfection-brush.jpg","width":1000,"height":1000,"caption":"Pinceau Perfection Applicateur Brush"},{"@type":"BreadcrumbList","@id":"https:\/\/www.botan.fr\/pro\/produit\/pinceau-magic-perfection-brush\/#breadcrumb","itemListElement":[{"@type":"ListItem","position":1,"name":"Accueil","item":"https:\/\/www.botan.fr\/pro\/"},{"@type":"ListItem","position":2,"name":"Boutique Professionnelle","item":"https:\/\/www.botan.fr\/pro\/boutique\/"},{"@type":"ListItem","position":3,"name":"PINCEAU MAGIC PERFECTION BRUSH"}]},{"@type":"WebSite","@id":"https:\/\/www.botan.fr\/pro\/#website","url":"https:\/\/www.botan.fr\/pro\/","name":"BOTAN Professional","description":"","alternateName":"B\u00b7O\u00b7T\u00b7A\u00b7N","potentialAction":[{"@type":"SearchAction","target":{"@type":"EntryPoint","urlTemplate":"https:\/\/www.botan.fr\/pro\/?s={search_term_string}"},"query-input":{"@type":"PropertyValueSpecification","valueRequired":true,"valueName":"search_term_string"}}],"inLanguage":"fr-FR"}]}},"acf":[],"_links":{"self":[{"href":"https:\/\/www.botan.fr\/pro\/wp-json\/wp\/v2\/product\/19580","targetHints":{"allow":["GET"]}}],"collection":[{"href":"https:\/\/www.botan.fr\/pro\/wp-json\/wp\/v2\/product"}],"about":[{"href":"https:\/\/www.botan.fr\/pro\/wp-json\/wp\/v2\/types\/product"}],"replies":[{"embeddable":true,"href":"https:\/\/www.botan.fr\/pro\/wp-json\/wp\/v2\/comments?post=19580"}],"version-history":[{"count":2,"href":"https:\/\/www.botan.fr\/pro\/wp-json\/wp\/v2\/product\/19580\/revisions"}],"predecessor-version":[{"id":19582,"href":"https:\/\/www.botan.fr\/pro\/wp-json\/wp\/v2\/product\/19580\/revisions\/19582"}],"wp:featuredmedia":[{"embeddable":true,"href":"https:\/\/www.botan.fr\/pro\/wp-json\/wp\/v2\/media\/19581"}],"wp:attachment":[{"href":"https:\/\/www.botan.fr\/pro\/wp-json\/wp\/v2\/media?parent=19580"}],"wp:term":[{"taxonomy":"product_brand","embeddable":true,"href":"https:\/\/www.botan.fr\/pro\/wp-json\/wp\/v2\/product_brand?post=19580"},{"taxonomy":"product_cat","embeddable":true,"href":"https:\/\/www.botan.fr\/pro\/wp-json\/wp\/v2\/product_cat?post=19580"},{"taxonomy":"product_tag","embeddable":true,"href":"https:\/\/www.botan.fr\/pro\/wp-json\/wp\/v2\/product_tag?post=19580"}],"curies":[{"name":"wp","href":"https:\/\/api.w.org\/{rel}","templated":true}]}}