{"id":26061,"date":"2026-02-27T17:30:29","date_gmt":"2026-02-27T16:30:29","guid":{"rendered":"https:\/\/www.botan.fr\/pro\/?post_type=product&#038;p=26061"},"modified":"2026-04-14T17:20:13","modified_gmt":"2026-04-14T15:20:13","slug":"lotion-glow-revelation-lotion-visage-revelatrice-declat-250-ml","status":"publish","type":"product","link":"https:\/\/www.botan.fr\/pro\/produit\/lotion-glow-revelation-lotion-visage-revelatrice-declat-250-ml\/","title":{"rendered":"LOTION GLOW REVELATION &#8211; LOTION VISAGE R\u00c9V\u00c9LATRICE D\u2019\u00c9CLAT &#8211; 250 ml"},"content":{"rendered":"\t\t<div data-elementor-type=\"wp-post\" data-elementor-id=\"26061\" class=\"elementor elementor-26061\">\n\t\t\t\t<div class=\"elementor-element elementor-element-4d2f9df e-flex e-con-boxed wpr-particle-no wpr-jarallax-no wpr-parallax-no wpr-sticky-section-no e-con e-parent\" data-id=\"4d2f9df\" data-element_type=\"container\" data-e-type=\"container\">\n\t\t\t\t\t<div class=\"e-con-inner\">\n\t\t\t\t<div class=\"elementor-element elementor-element-ca4b6ec elementor-widget elementor-widget-heading\" data-id=\"ca4b6ec\" data-element_type=\"widget\" data-e-type=\"widget\" data-widget_type=\"heading.default\">\n\t\t\t\t\t<h2 class=\"elementor-heading-title elementor-size-default\">L\u2019\u00e9l\u00e9gance du glow, la pr\u00e9cision du geste professionnel<\/h2>\t\t\t\t<\/div>\n\t\t\t\t<div class=\"elementor-element elementor-element-6124c10 elementor-widget elementor-widget-text-editor\" data-id=\"6124c10\" data-element_type=\"widget\" data-e-type=\"widget\" data-widget_type=\"text-editor.default\">\n\t\t\t\t\t\t\t\t\t<p data-start=\"617\" data-end=\"987\">Instituts, spas et salons de coiffure trouvent avec Glow Revelation une finition lumineuse capable de transformer instantan\u00e9ment l\u2019exp\u00e9rience cliente. Chaque pulv\u00e9risation d\u00e9pose un voile imperceptible, parfaitement ma\u00eetris\u00e9, qui r\u00e9v\u00e8le l\u2019\u00e9clat naturel du visage. Le r\u00e9sultat est parfait.<\/p><p data-start=\"989\" data-end=\"1094\">Glow Revelation est cette touche finale qui distingue un service soign\u00e9 d\u2019une v\u00e9ritable signature beaut\u00e9.<\/p>\t\t\t\t\t\t\t\t<\/div>\n\t\t\t\t\t<\/div>\n\t\t\t\t<\/div>\n\t\t<div class=\"elementor-element elementor-element-88c893c e-flex e-con-boxed wpr-particle-no wpr-jarallax-no wpr-parallax-no wpr-sticky-section-no e-con e-parent\" data-id=\"88c893c\" data-element_type=\"container\" data-e-type=\"container\">\n\t\t\t\t\t<div class=\"e-con-inner\">\n\t\t\t\t<div class=\"elementor-element elementor-element-aa3972c elementor-widget elementor-widget-heading\" data-id=\"aa3972c\" data-element_type=\"widget\" data-e-type=\"widget\" data-widget_type=\"heading.default\">\n\t\t\t\t\t<h2 class=\"elementor-heading-title elementor-size-default\">Glow Revelation : le h\u00e2le comme soin<\/h2>\t\t\t\t<\/div>\n\t\t\t\t<div class=\"elementor-element elementor-element-0225891 elementor-widget elementor-widget-text-editor\" data-id=\"0225891\" data-element_type=\"widget\" data-e-type=\"widget\" data-widget_type=\"text-editor.default\">\n\t\t\t\t\t\t\t\t\t<p data-start=\"1144\" data-end=\"1481\">Bien plus qu\u2019une simple lotion \u00e9clat, Glow Revelation agit comme un v\u00e9ritable r\u00e9v\u00e9lateur de beaut\u00e9. Sa formule experte hydrate la peau, lisse visiblement le grain cutan\u00e9 et am\u00e9liore l\u2019\u00e9lasticit\u00e9 tout en apportant un effet tenseur d\u00e9licat. Progressivement, le teint se pare d\u2019un h\u00e2le harmonieux, naturel et infiniment \u00e9l\u00e9gant.<\/p><p data-start=\"1483\" data-end=\"1634\">L\u2019absence totale d\u2019alcool garantit un confort absolu, m\u00eame sur les peaux sensibles, et permet une utilisation r\u00e9guli\u00e8re sans sensation de tiraillement.<\/p>\t\t\t\t\t\t\t\t<\/div>\n\t\t\t\t\t<\/div>\n\t\t\t\t<\/div>\n\t\t<div class=\"elementor-element elementor-element-af207f0 e-flex e-con-boxed wpr-particle-no wpr-jarallax-no wpr-parallax-no wpr-sticky-section-no e-con e-parent\" data-id=\"af207f0\" data-element_type=\"container\" data-e-type=\"container\">\n\t\t\t\t\t<div class=\"e-con-inner\">\n\t\t<div class=\"elementor-element elementor-element-5602279 e-con-full e-flex wpr-particle-no wpr-jarallax-no wpr-parallax-no wpr-sticky-section-no e-con e-child\" data-id=\"5602279\" data-element_type=\"container\" data-e-type=\"container\">\n\t\t\t\t<\/div>\n\t\t<div class=\"elementor-element elementor-element-da130b6 e-con-full e-flex wpr-particle-no wpr-jarallax-no wpr-parallax-no wpr-sticky-section-no e-con e-child\" data-id=\"da130b6\" data-element_type=\"container\" data-e-type=\"container\">\n\t\t\t\t<\/div>\n\t\t\t\t\t<\/div>\n\t\t\t\t<\/div>\n\t\t\t\t<\/div>\n\t\t","protected":false},"excerpt":{"rendered":"<h3>Lotion visage r\u00e9v\u00e9latrice d\u2019\u00e9clat \u2013 Liftante, hydratante &amp; sans alcool<\/h3>\n<p>&#x2b50; Not\u00e9e 98\/100 sur Yuka<\/p>\n<p><strong data-start=\"340\" data-end=\"403\">Proposez \u00e0 vos client.e.s un glow parfait, sans contrainte.<\/strong><\/p>\n<p>Un soin visage bonne mine, liftant, hydratant et repulpant, pens\u00e9 pour les professionnels de la beaut\u00e9 qui souhaitent sublimer chaque prestation d\u2019une touche lumineuse et sophistiqu\u00e9e.<\/p>\n<p>[display-delivery][support-question]<\/p>\n","protected":false},"featured_media":25592,"comment_status":"open","ping_status":"closed","template":"","meta":[],"product_brand":[],"product_cat":[61],"product_tag":[],"class_list":{"0":"post-26061","1":"product","2":"type-product","3":"status-publish","4":"has-post-thumbnail","6":"product_cat-lotions-professionnelles","8":"first","9":"instock","10":"taxable","11":"shipping-taxable","12":"product-type-simple"},"yoast_head":"<!-- This site is optimized with the Yoast SEO plugin v27.4 - https:\/\/yoast.com\/product\/yoast-seo-wordpress\/ -->\n<title>LOTION GLOW REVELATION - LOTION VISAGE R\u00c9V\u00c9LATRICE D\u2019\u00c9CLAT - 250 ml &#8212; BOTAN Professional<\/title>\n<meta name=\"description\" content=\"Glow Revelation est une lotion visage liftante, hydratante et sans alcool. Effet bonne mine, \u00e9clat naturel, not\u00e9e 98\/100 sur Yuka.\" \/>\n<meta name=\"robots\" content=\"index, follow, max-snippet:-1, max-image-preview:large, max-video-preview:-1\" \/>\n<link rel=\"canonical\" href=\"https:\/\/www.botan.fr\/pro\/produit\/lotion-glow-revelation-lotion-visage-revelatrice-declat-250-ml\/\" \/>\n<meta property=\"og:locale\" content=\"fr_FR\" \/>\n<meta property=\"og:type\" content=\"article\" \/>\n<meta property=\"og:title\" content=\"LOTION GLOW REVELATION - LOTION VISAGE R\u00c9V\u00c9LATRICE D\u2019\u00c9CLAT - 250 ml &#8212; BOTAN Professional\" \/>\n<meta property=\"og:description\" content=\"Glow Revelation est une lotion visage liftante, hydratante et sans alcool. Effet bonne mine, \u00e9clat naturel, not\u00e9e 98\/100 sur Yuka.\" \/>\n<meta property=\"og:url\" content=\"https:\/\/www.botan.fr\/pro\/produit\/lotion-glow-revelation-lotion-visage-revelatrice-declat-250-ml\/\" \/>\n<meta property=\"og:site_name\" content=\"BOTAN Professional\" \/>\n<meta property=\"article:publisher\" content=\"https:\/\/www.facebook.com\/botancosmetics\/\" \/>\n<meta property=\"article:modified_time\" content=\"2026-04-14T15:20:13+00:00\" \/>\n<meta property=\"og:image\" content=\"https:\/\/www.botan.fr\/pro\/wp-content\/uploads\/2026\/02\/glow-revelation.jpg\" \/>\n\t<meta property=\"og:image:width\" content=\"1000\" \/>\n\t<meta property=\"og:image:height\" content=\"1000\" \/>\n\t<meta property=\"og:image:type\" content=\"image\/jpeg\" \/>\n<meta name=\"twitter:card\" content=\"summary_large_image\" \/>\n<meta name=\"twitter:label1\" content=\"Dur\u00e9e de lecture estim\u00e9e\" \/>\n\t<meta name=\"twitter:data1\" content=\"1 minute\" \/>\n<script type=\"application\/ld+json\" class=\"yoast-schema-graph\">{\"@context\":\"https:\\\/\\\/schema.org\",\"@graph\":[{\"@type\":\"WebPage\",\"@id\":\"https:\\\/\\\/www.botan.fr\\\/pro\\\/produit\\\/lotion-glow-revelation-lotion-visage-revelatrice-declat-250-ml\\\/\",\"url\":\"https:\\\/\\\/www.botan.fr\\\/pro\\\/produit\\\/lotion-glow-revelation-lotion-visage-revelatrice-declat-250-ml\\\/\",\"name\":\"LOTION GLOW REVELATION - LOTION VISAGE R\u00c9V\u00c9LATRICE D\u2019\u00c9CLAT - 250 ml &#8212; BOTAN Professional\",\"isPartOf\":{\"@id\":\"https:\\\/\\\/www.botan.fr\\\/pro\\\/#website\"},\"primaryImageOfPage\":{\"@id\":\"https:\\\/\\\/www.botan.fr\\\/pro\\\/produit\\\/lotion-glow-revelation-lotion-visage-revelatrice-declat-250-ml\\\/#primaryimage\"},\"image\":{\"@id\":\"https:\\\/\\\/www.botan.fr\\\/pro\\\/produit\\\/lotion-glow-revelation-lotion-visage-revelatrice-declat-250-ml\\\/#primaryimage\"},\"thumbnailUrl\":\"https:\\\/\\\/www.botan.fr\\\/pro\\\/wp-content\\\/uploads\\\/2026\\\/02\\\/glow-revelation.jpg\",\"datePublished\":\"2026-02-27T16:30:29+00:00\",\"dateModified\":\"2026-04-14T15:20:13+00:00\",\"description\":\"Glow Revelation est une lotion visage liftante, hydratante et sans alcool. Effet bonne mine, \u00e9clat naturel, not\u00e9e 98\\\/100 sur Yuka.\",\"breadcrumb\":{\"@id\":\"https:\\\/\\\/www.botan.fr\\\/pro\\\/produit\\\/lotion-glow-revelation-lotion-visage-revelatrice-declat-250-ml\\\/#breadcrumb\"},\"inLanguage\":\"fr-FR\",\"potentialAction\":[{\"@type\":\"ReadAction\",\"target\":[\"https:\\\/\\\/www.botan.fr\\\/pro\\\/produit\\\/lotion-glow-revelation-lotion-visage-revelatrice-declat-250-ml\\\/\"]}]},{\"@type\":\"ImageObject\",\"inLanguage\":\"fr-FR\",\"@id\":\"https:\\\/\\\/www.botan.fr\\\/pro\\\/produit\\\/lotion-glow-revelation-lotion-visage-revelatrice-declat-250-ml\\\/#primaryimage\",\"url\":\"https:\\\/\\\/www.botan.fr\\\/pro\\\/wp-content\\\/uploads\\\/2026\\\/02\\\/glow-revelation.jpg\",\"contentUrl\":\"https:\\\/\\\/www.botan.fr\\\/pro\\\/wp-content\\\/uploads\\\/2026\\\/02\\\/glow-revelation.jpg\",\"width\":1000,\"height\":1000,\"caption\":\"glow revelation\"},{\"@type\":\"BreadcrumbList\",\"@id\":\"https:\\\/\\\/www.botan.fr\\\/pro\\\/produit\\\/lotion-glow-revelation-lotion-visage-revelatrice-declat-250-ml\\\/#breadcrumb\",\"itemListElement\":[{\"@type\":\"ListItem\",\"position\":1,\"name\":\"Accueil\",\"item\":\"https:\\\/\\\/www.botan.fr\\\/pro\\\/\"},{\"@type\":\"ListItem\",\"position\":2,\"name\":\"Boutique Professionnelle\",\"item\":\"https:\\\/\\\/www.botan.fr\\\/pro\\\/boutique\\\/\"},{\"@type\":\"ListItem\",\"position\":3,\"name\":\"LOTION GLOW REVELATION &#8211; LOTION VISAGE R\u00c9V\u00c9LATRICE D\u2019\u00c9CLAT &#8211; 250 ml\"}]},{\"@type\":\"WebSite\",\"@id\":\"https:\\\/\\\/www.botan.fr\\\/pro\\\/#website\",\"url\":\"https:\\\/\\\/www.botan.fr\\\/pro\\\/\",\"name\":\"BOTAN Professional\",\"description\":\"\",\"alternateName\":\"B\u00b7O\u00b7T\u00b7A\u00b7N\",\"potentialAction\":[{\"@type\":\"SearchAction\",\"target\":{\"@type\":\"EntryPoint\",\"urlTemplate\":\"https:\\\/\\\/www.botan.fr\\\/pro\\\/?s={search_term_string}\"},\"query-input\":{\"@type\":\"PropertyValueSpecification\",\"valueRequired\":true,\"valueName\":\"search_term_string\"}}],\"inLanguage\":\"fr-FR\"}]}<\/script>\n<!-- \/ Yoast SEO plugin. -->","yoast_head_json":{"title":"LOTION GLOW REVELATION - LOTION VISAGE R\u00c9V\u00c9LATRICE D\u2019\u00c9CLAT - 250 ml &#8212; BOTAN Professional","description":"Glow Revelation est une lotion visage liftante, hydratante et sans alcool. Effet bonne mine, \u00e9clat naturel, not\u00e9e 98\/100 sur Yuka.","robots":{"index":"index","follow":"follow","max-snippet":"max-snippet:-1","max-image-preview":"max-image-preview:large","max-video-preview":"max-video-preview:-1"},"canonical":"https:\/\/www.botan.fr\/pro\/produit\/lotion-glow-revelation-lotion-visage-revelatrice-declat-250-ml\/","og_locale":"fr_FR","og_type":"article","og_title":"LOTION GLOW REVELATION - LOTION VISAGE R\u00c9V\u00c9LATRICE D\u2019\u00c9CLAT - 250 ml &#8212; BOTAN Professional","og_description":"Glow Revelation est une lotion visage liftante, hydratante et sans alcool. Effet bonne mine, \u00e9clat naturel, not\u00e9e 98\/100 sur Yuka.","og_url":"https:\/\/www.botan.fr\/pro\/produit\/lotion-glow-revelation-lotion-visage-revelatrice-declat-250-ml\/","og_site_name":"BOTAN Professional","article_publisher":"https:\/\/www.facebook.com\/botancosmetics\/","article_modified_time":"2026-04-14T15:20:13+00:00","og_image":[{"width":1000,"height":1000,"url":"https:\/\/www.botan.fr\/pro\/wp-content\/uploads\/2026\/02\/glow-revelation.jpg","type":"image\/jpeg"}],"twitter_card":"summary_large_image","twitter_misc":{"Dur\u00e9e de lecture estim\u00e9e":"1 minute"},"schema":{"@context":"https:\/\/schema.org","@graph":[{"@type":"WebPage","@id":"https:\/\/www.botan.fr\/pro\/produit\/lotion-glow-revelation-lotion-visage-revelatrice-declat-250-ml\/","url":"https:\/\/www.botan.fr\/pro\/produit\/lotion-glow-revelation-lotion-visage-revelatrice-declat-250-ml\/","name":"LOTION GLOW REVELATION - LOTION VISAGE R\u00c9V\u00c9LATRICE D\u2019\u00c9CLAT - 250 ml &#8212; BOTAN Professional","isPartOf":{"@id":"https:\/\/www.botan.fr\/pro\/#website"},"primaryImageOfPage":{"@id":"https:\/\/www.botan.fr\/pro\/produit\/lotion-glow-revelation-lotion-visage-revelatrice-declat-250-ml\/#primaryimage"},"image":{"@id":"https:\/\/www.botan.fr\/pro\/produit\/lotion-glow-revelation-lotion-visage-revelatrice-declat-250-ml\/#primaryimage"},"thumbnailUrl":"https:\/\/www.botan.fr\/pro\/wp-content\/uploads\/2026\/02\/glow-revelation.jpg","datePublished":"2026-02-27T16:30:29+00:00","dateModified":"2026-04-14T15:20:13+00:00","description":"Glow Revelation est une lotion visage liftante, hydratante et sans alcool. Effet bonne mine, \u00e9clat naturel, not\u00e9e 98\/100 sur Yuka.","breadcrumb":{"@id":"https:\/\/www.botan.fr\/pro\/produit\/lotion-glow-revelation-lotion-visage-revelatrice-declat-250-ml\/#breadcrumb"},"inLanguage":"fr-FR","potentialAction":[{"@type":"ReadAction","target":["https:\/\/www.botan.fr\/pro\/produit\/lotion-glow-revelation-lotion-visage-revelatrice-declat-250-ml\/"]}]},{"@type":"ImageObject","inLanguage":"fr-FR","@id":"https:\/\/www.botan.fr\/pro\/produit\/lotion-glow-revelation-lotion-visage-revelatrice-declat-250-ml\/#primaryimage","url":"https:\/\/www.botan.fr\/pro\/wp-content\/uploads\/2026\/02\/glow-revelation.jpg","contentUrl":"https:\/\/www.botan.fr\/pro\/wp-content\/uploads\/2026\/02\/glow-revelation.jpg","width":1000,"height":1000,"caption":"glow revelation"},{"@type":"BreadcrumbList","@id":"https:\/\/www.botan.fr\/pro\/produit\/lotion-glow-revelation-lotion-visage-revelatrice-declat-250-ml\/#breadcrumb","itemListElement":[{"@type":"ListItem","position":1,"name":"Accueil","item":"https:\/\/www.botan.fr\/pro\/"},{"@type":"ListItem","position":2,"name":"Boutique Professionnelle","item":"https:\/\/www.botan.fr\/pro\/boutique\/"},{"@type":"ListItem","position":3,"name":"LOTION GLOW REVELATION &#8211; LOTION VISAGE R\u00c9V\u00c9LATRICE D\u2019\u00c9CLAT &#8211; 250 ml"}]},{"@type":"WebSite","@id":"https:\/\/www.botan.fr\/pro\/#website","url":"https:\/\/www.botan.fr\/pro\/","name":"BOTAN Professional","description":"","alternateName":"B\u00b7O\u00b7T\u00b7A\u00b7N","potentialAction":[{"@type":"SearchAction","target":{"@type":"EntryPoint","urlTemplate":"https:\/\/www.botan.fr\/pro\/?s={search_term_string}"},"query-input":{"@type":"PropertyValueSpecification","valueRequired":true,"valueName":"search_term_string"}}],"inLanguage":"fr-FR"}]}},"acf":[],"_links":{"self":[{"href":"https:\/\/www.botan.fr\/pro\/wp-json\/wp\/v2\/product\/26061","targetHints":{"allow":["GET"]}}],"collection":[{"href":"https:\/\/www.botan.fr\/pro\/wp-json\/wp\/v2\/product"}],"about":[{"href":"https:\/\/www.botan.fr\/pro\/wp-json\/wp\/v2\/types\/product"}],"replies":[{"embeddable":true,"href":"https:\/\/www.botan.fr\/pro\/wp-json\/wp\/v2\/comments?post=26061"}],"version-history":[{"count":10,"href":"https:\/\/www.botan.fr\/pro\/wp-json\/wp\/v2\/product\/26061\/revisions"}],"predecessor-version":[{"id":26795,"href":"https:\/\/www.botan.fr\/pro\/wp-json\/wp\/v2\/product\/26061\/revisions\/26795"}],"wp:featuredmedia":[{"embeddable":true,"href":"https:\/\/www.botan.fr\/pro\/wp-json\/wp\/v2\/media\/25592"}],"wp:attachment":[{"href":"https:\/\/www.botan.fr\/pro\/wp-json\/wp\/v2\/media?parent=26061"}],"wp:term":[{"taxonomy":"product_brand","embeddable":true,"href":"https:\/\/www.botan.fr\/pro\/wp-json\/wp\/v2\/product_brand?post=26061"},{"taxonomy":"product_cat","embeddable":true,"href":"https:\/\/www.botan.fr\/pro\/wp-json\/wp\/v2\/product_cat?post=26061"},{"taxonomy":"product_tag","embeddable":true,"href":"https:\/\/www.botan.fr\/pro\/wp-json\/wp\/v2\/product_tag?post=26061"}],"curies":[{"name":"wp","href":"https:\/\/api.w.org\/{rel}","templated":true}]}}