{"id":6210,"date":"2019-01-03T11:27:10","date_gmt":"2019-01-03T10:27:10","guid":{"rendered":"https:\/\/www.botan-cosmetics.com\/pro\/?post_type=product&#038;p=6210"},"modified":"2026-04-21T15:00:47","modified_gmt":"2026-04-21T13:00:47","slug":"rideau-mural-a-suspendre","status":"publish","type":"product","link":"https:\/\/www.botan.fr\/pro\/produit\/rideau-mural-a-suspendre\/","title":{"rendered":"Rideau Mural \u00e0 Suspendre"},"content":{"rendered":"<p>[vc_row row_type=&#8221;row&#8221; text_align=&#8221;center&#8221;][vc_column][vc_column_text]Notre rideau mural est id\u00e9al pour une utilisation facile et une solution peu co\u00fbteuse pour les salons. Install\u00e9 en quelques secondes, il offre beaucoup d&#8217;espace pour vos clients et un excellent travail pour vous.[\/vc_column_text][vc_column_text]<\/p>\n<h2 style=\"text-align: center;\">Rideau mural pour spray tan: L&#8217;accessoire incontournable pour une exp\u00e9rience de bronzage par pulv\u00e9risation de qualit\u00e9<\/h2>\n<p>[\/vc_column_text][vc_column_text]<\/p>\n<p style=\"text-align: justify;\">Notre rideau mural pour spray tan est con\u00e7u pour une installation rapide, en quelques secondes seulement. Il offre beaucoup d&#8217;espace \u00e0 vos clients, leur permettant de se tenir debout et de se positionner confortablement pendant la s\u00e9ance de bronzage par pulv\u00e9risation. Cela vous permet de travailler efficacement et d&#8217;obtenir des r\u00e9sultats de qualit\u00e9 sup\u00e9rieure.<\/p>\n<p>[\/vc_column_text][vc_column_text]<\/p>\n<h2 style=\"text-align: center;\">Entretien facile gr\u00e2ce aux parois en nylon<\/h2>\n<p>[\/vc_column_text][vc_column_text]<\/p>\n<p style=\"text-align: justify;\">Les parois en nylon de notre rideau mural rendent l&#8217;entretien extr\u00eamement facile. Un simple nettoyage avec une lingette imbib\u00e9e d&#8217;eau citronn\u00e9e suffit pour le garder propre et frais. Vous pouvez ainsi \u00e9conomiser du temps et de l&#8217;effort dans l&#8217;entretien de votre espace de travail.<\/p>\n<p>[\/vc_column_text][vc_column_text]<\/p>\n<h2 style=\"text-align: center;\">Facilit\u00e9 d&#8217;utilisation et de rangement<\/h2>\n<p>[\/vc_column_text][vc_column_text]<\/p>\n<p style=\"text-align: justify;\">Il est extr\u00eamement pratique et simple \u00e0 utiliser. Il peut \u00eatre d\u00e9pli\u00e9 et install\u00e9 en quelques secondes, vous permettant de gagner du temps et de vous concentrer sur vos clients. De plus, le re-pliage est tout aussi facile, ce qui facilite le rangement du rideau mural dans un placard ou un espace de stockage.<\/p>\n<p>[\/vc_column_text][vc_column_text]<\/p>\n<h2 style=\"text-align: center;\">\u00c9clairage optimal et libert\u00e9 de mouvement<\/h2>\n<p>[\/vc_column_text][vc_column_text]<\/p>\n<p style=\"text-align: justify;\">Notre rideau mural offre un \u00e9clairage optimal, vous permettant de voir clairement pendant la pulv\u00e9risation. Il garantit \u00e9galement une libert\u00e9 de mouvement compl\u00e8te, vous permettant de r\u00e9aliser le processus de bronzage sans restrictions. Vous pouvez m\u00eame ajouter une <a href=\"https:\/\/www.botan.fr\/pro\/produit\/lampe-torche-led-pour-lux5500\/\">lumi\u00e8re suppl\u00e9mentaire<\/a> pour une meilleure visibilit\u00e9.<\/p>\n<p>[\/vc_column_text][vc_column_text]<\/p>\n<h2 style=\"text-align: center;\">Compatible avec un <a href=\"https:\/\/www.botan.fr\/pro\/produit\/extracteur-dair-filtrant\/\">extracteur d&#8217;air<\/a><\/h2>\n<p>[\/vc_column_text][vc_column_text]<\/p>\n<p style=\"text-align: justify;\">Il dispose d&#8217;une grande ouverture permettant l&#8217;utilisation d&#8217;un extracteur d&#8217;air. Cela vous permet d&#8217;aspirer et de filtrer l&#8217;exc\u00e8s de pulv\u00e9risation, assurant ainsi la propret\u00e9 de votre cabine de bronzage. Vous pouvez \u00e9galement ajuster la fermeture \u00e0 glissi\u00e8re pour s&#8217;adapter \u00e0 votre extracteur d&#8217;air sp\u00e9cifique.<\/p>\n<p>[\/vc_column_text][\/vc_column][\/vc_row]<\/p>\n","protected":false},"excerpt":{"rendered":"<ul class=\"tick\">\n<li><strong>endroit parfait pour une s\u00e9ance de bronzage<\/strong><\/li>\n<li>utilisation et entretien facile<\/li>\n<li>prestations professionnelles<\/li>\n<\/ul>\n<p>[display-delivery]<br \/>\n[support-question]<\/p>\n","protected":false},"featured_media":17992,"comment_status":"open","ping_status":"closed","template":"","meta":[],"product_brand":[],"product_cat":[152,63],"product_tag":[],"class_list":{"0":"post-6210","1":"product","2":"type-product","3":"status-publish","4":"has-post-thumbnail","6":"product_cat-materiel-professionnel","7":"product_cat-equipements","9":"first","10":"instock","11":"taxable","12":"shipping-taxable","13":"product-type-simple"},"yoast_head":"<!-- This site is optimized with the Yoast SEO plugin v27.5 - https:\/\/yoast.com\/product\/yoast-seo-wordpress\/ -->\n<title>Rideau Mural \u00e0 Suspendre &#8212; BOTAN Professional<\/title>\n<meta name=\"description\" content=\"Rideau mural \u00e0 suspendre pour Spray Tan : l&#039;accessoire essentiel pour une cabine de bronzage parfaite. Cr\u00e9ez une atmosph\u00e8re intime et confortable.\" \/>\n<meta name=\"robots\" content=\"index, follow, max-snippet:-1, max-image-preview:large, max-video-preview:-1\" \/>\n<link rel=\"canonical\" href=\"https:\/\/www.botan.fr\/pro\/produit\/rideau-mural-a-suspendre\/\" \/>\n<meta property=\"og:locale\" content=\"fr_FR\" \/>\n<meta property=\"og:type\" content=\"article\" \/>\n<meta property=\"og:title\" content=\"Rideau Mural \u00e0 Suspendre &#8212; BOTAN Professional\" \/>\n<meta property=\"og:description\" content=\"Rideau mural \u00e0 suspendre pour Spray Tan : l&#039;accessoire essentiel pour une cabine de bronzage parfaite. Cr\u00e9ez une atmosph\u00e8re intime et confortable.\" \/>\n<meta property=\"og:url\" content=\"https:\/\/www.botan.fr\/pro\/produit\/rideau-mural-a-suspendre\/\" \/>\n<meta property=\"og:site_name\" content=\"BOTAN Professional\" \/>\n<meta property=\"article:publisher\" content=\"https:\/\/www.facebook.com\/botancosmetics\/\" \/>\n<meta property=\"article:modified_time\" content=\"2026-04-21T13:00:47+00:00\" \/>\n<meta property=\"og:image\" content=\"https:\/\/www.botan.fr\/pro\/wp-content\/uploads\/2019\/01\/rideau-mural-de-spray-tanning.jpg\" \/>\n\t<meta property=\"og:image:width\" content=\"1000\" \/>\n\t<meta property=\"og:image:height\" content=\"1000\" \/>\n\t<meta property=\"og:image:type\" content=\"image\/jpeg\" \/>\n<meta name=\"twitter:card\" content=\"summary_large_image\" \/>\n<meta name=\"twitter:label1\" content=\"Dur\u00e9e de lecture estim\u00e9e\" \/>\n\t<meta name=\"twitter:data1\" content=\"2 minutes\" \/>\n<script type=\"application\/ld+json\" class=\"yoast-schema-graph\">{\"@context\":\"https:\\\/\\\/schema.org\",\"@graph\":[{\"@type\":\"WebPage\",\"@id\":\"https:\\\/\\\/www.botan.fr\\\/pro\\\/produit\\\/rideau-mural-a-suspendre\\\/\",\"url\":\"https:\\\/\\\/www.botan.fr\\\/pro\\\/produit\\\/rideau-mural-a-suspendre\\\/\",\"name\":\"Rideau Mural \u00e0 Suspendre &#8212; BOTAN Professional\",\"isPartOf\":{\"@id\":\"https:\\\/\\\/www.botan.fr\\\/pro\\\/#website\"},\"primaryImageOfPage\":{\"@id\":\"https:\\\/\\\/www.botan.fr\\\/pro\\\/produit\\\/rideau-mural-a-suspendre\\\/#primaryimage\"},\"image\":{\"@id\":\"https:\\\/\\\/www.botan.fr\\\/pro\\\/produit\\\/rideau-mural-a-suspendre\\\/#primaryimage\"},\"thumbnailUrl\":\"https:\\\/\\\/www.botan.fr\\\/pro\\\/wp-content\\\/uploads\\\/2019\\\/01\\\/rideau-mural-de-spray-tanning.jpg\",\"datePublished\":\"2019-01-03T10:27:10+00:00\",\"dateModified\":\"2026-04-21T13:00:47+00:00\",\"description\":\"Rideau mural \u00e0 suspendre pour Spray Tan : l'accessoire essentiel pour une cabine de bronzage parfaite. Cr\u00e9ez une atmosph\u00e8re intime et confortable.\",\"breadcrumb\":{\"@id\":\"https:\\\/\\\/www.botan.fr\\\/pro\\\/produit\\\/rideau-mural-a-suspendre\\\/#breadcrumb\"},\"inLanguage\":\"fr-FR\",\"potentialAction\":[{\"@type\":\"ReadAction\",\"target\":[\"https:\\\/\\\/www.botan.fr\\\/pro\\\/produit\\\/rideau-mural-a-suspendre\\\/\"]}]},{\"@type\":\"ImageObject\",\"inLanguage\":\"fr-FR\",\"@id\":\"https:\\\/\\\/www.botan.fr\\\/pro\\\/produit\\\/rideau-mural-a-suspendre\\\/#primaryimage\",\"url\":\"https:\\\/\\\/www.botan.fr\\\/pro\\\/wp-content\\\/uploads\\\/2019\\\/01\\\/rideau-mural-de-spray-tanning.jpg\",\"contentUrl\":\"https:\\\/\\\/www.botan.fr\\\/pro\\\/wp-content\\\/uploads\\\/2019\\\/01\\\/rideau-mural-de-spray-tanning.jpg\",\"width\":1000,\"height\":1000,\"caption\":\"Rideau Mural Spray Tanning\"},{\"@type\":\"BreadcrumbList\",\"@id\":\"https:\\\/\\\/www.botan.fr\\\/pro\\\/produit\\\/rideau-mural-a-suspendre\\\/#breadcrumb\",\"itemListElement\":[{\"@type\":\"ListItem\",\"position\":1,\"name\":\"Accueil\",\"item\":\"https:\\\/\\\/www.botan.fr\\\/pro\\\/\"},{\"@type\":\"ListItem\",\"position\":2,\"name\":\"Boutique Professionnelle\",\"item\":\"https:\\\/\\\/www.botan.fr\\\/pro\\\/boutique\\\/\"},{\"@type\":\"ListItem\",\"position\":3,\"name\":\"Rideau Mural \u00e0 Suspendre\"}]},{\"@type\":\"WebSite\",\"@id\":\"https:\\\/\\\/www.botan.fr\\\/pro\\\/#website\",\"url\":\"https:\\\/\\\/www.botan.fr\\\/pro\\\/\",\"name\":\"BOTAN Professional\",\"description\":\"\",\"alternateName\":\"B\u00b7O\u00b7T\u00b7A\u00b7N\",\"potentialAction\":[{\"@type\":\"SearchAction\",\"target\":{\"@type\":\"EntryPoint\",\"urlTemplate\":\"https:\\\/\\\/www.botan.fr\\\/pro\\\/?s={search_term_string}\"},\"query-input\":{\"@type\":\"PropertyValueSpecification\",\"valueRequired\":true,\"valueName\":\"search_term_string\"}}],\"inLanguage\":\"fr-FR\"}]}<\/script>\n<!-- \/ Yoast SEO plugin. -->","yoast_head_json":{"title":"Rideau Mural \u00e0 Suspendre &#8212; BOTAN Professional","description":"Rideau mural \u00e0 suspendre pour Spray Tan : l'accessoire essentiel pour une cabine de bronzage parfaite. Cr\u00e9ez une atmosph\u00e8re intime et confortable.","robots":{"index":"index","follow":"follow","max-snippet":"max-snippet:-1","max-image-preview":"max-image-preview:large","max-video-preview":"max-video-preview:-1"},"canonical":"https:\/\/www.botan.fr\/pro\/produit\/rideau-mural-a-suspendre\/","og_locale":"fr_FR","og_type":"article","og_title":"Rideau Mural \u00e0 Suspendre &#8212; BOTAN Professional","og_description":"Rideau mural \u00e0 suspendre pour Spray Tan : l'accessoire essentiel pour une cabine de bronzage parfaite. Cr\u00e9ez une atmosph\u00e8re intime et confortable.","og_url":"https:\/\/www.botan.fr\/pro\/produit\/rideau-mural-a-suspendre\/","og_site_name":"BOTAN Professional","article_publisher":"https:\/\/www.facebook.com\/botancosmetics\/","article_modified_time":"2026-04-21T13:00:47+00:00","og_image":[{"width":1000,"height":1000,"url":"https:\/\/www.botan.fr\/pro\/wp-content\/uploads\/2019\/01\/rideau-mural-de-spray-tanning.jpg","type":"image\/jpeg"}],"twitter_card":"summary_large_image","twitter_misc":{"Dur\u00e9e de lecture estim\u00e9e":"2 minutes"},"schema":{"@context":"https:\/\/schema.org","@graph":[{"@type":"WebPage","@id":"https:\/\/www.botan.fr\/pro\/produit\/rideau-mural-a-suspendre\/","url":"https:\/\/www.botan.fr\/pro\/produit\/rideau-mural-a-suspendre\/","name":"Rideau Mural \u00e0 Suspendre &#8212; BOTAN Professional","isPartOf":{"@id":"https:\/\/www.botan.fr\/pro\/#website"},"primaryImageOfPage":{"@id":"https:\/\/www.botan.fr\/pro\/produit\/rideau-mural-a-suspendre\/#primaryimage"},"image":{"@id":"https:\/\/www.botan.fr\/pro\/produit\/rideau-mural-a-suspendre\/#primaryimage"},"thumbnailUrl":"https:\/\/www.botan.fr\/pro\/wp-content\/uploads\/2019\/01\/rideau-mural-de-spray-tanning.jpg","datePublished":"2019-01-03T10:27:10+00:00","dateModified":"2026-04-21T13:00:47+00:00","description":"Rideau mural \u00e0 suspendre pour Spray Tan : l'accessoire essentiel pour une cabine de bronzage parfaite. Cr\u00e9ez une atmosph\u00e8re intime et confortable.","breadcrumb":{"@id":"https:\/\/www.botan.fr\/pro\/produit\/rideau-mural-a-suspendre\/#breadcrumb"},"inLanguage":"fr-FR","potentialAction":[{"@type":"ReadAction","target":["https:\/\/www.botan.fr\/pro\/produit\/rideau-mural-a-suspendre\/"]}]},{"@type":"ImageObject","inLanguage":"fr-FR","@id":"https:\/\/www.botan.fr\/pro\/produit\/rideau-mural-a-suspendre\/#primaryimage","url":"https:\/\/www.botan.fr\/pro\/wp-content\/uploads\/2019\/01\/rideau-mural-de-spray-tanning.jpg","contentUrl":"https:\/\/www.botan.fr\/pro\/wp-content\/uploads\/2019\/01\/rideau-mural-de-spray-tanning.jpg","width":1000,"height":1000,"caption":"Rideau Mural Spray Tanning"},{"@type":"BreadcrumbList","@id":"https:\/\/www.botan.fr\/pro\/produit\/rideau-mural-a-suspendre\/#breadcrumb","itemListElement":[{"@type":"ListItem","position":1,"name":"Accueil","item":"https:\/\/www.botan.fr\/pro\/"},{"@type":"ListItem","position":2,"name":"Boutique Professionnelle","item":"https:\/\/www.botan.fr\/pro\/boutique\/"},{"@type":"ListItem","position":3,"name":"Rideau Mural \u00e0 Suspendre"}]},{"@type":"WebSite","@id":"https:\/\/www.botan.fr\/pro\/#website","url":"https:\/\/www.botan.fr\/pro\/","name":"BOTAN Professional","description":"","alternateName":"B\u00b7O\u00b7T\u00b7A\u00b7N","potentialAction":[{"@type":"SearchAction","target":{"@type":"EntryPoint","urlTemplate":"https:\/\/www.botan.fr\/pro\/?s={search_term_string}"},"query-input":{"@type":"PropertyValueSpecification","valueRequired":true,"valueName":"search_term_string"}}],"inLanguage":"fr-FR"}]}},"acf":[],"_links":{"self":[{"href":"https:\/\/www.botan.fr\/pro\/wp-json\/wp\/v2\/product\/6210","targetHints":{"allow":["GET"]}}],"collection":[{"href":"https:\/\/www.botan.fr\/pro\/wp-json\/wp\/v2\/product"}],"about":[{"href":"https:\/\/www.botan.fr\/pro\/wp-json\/wp\/v2\/types\/product"}],"replies":[{"embeddable":true,"href":"https:\/\/www.botan.fr\/pro\/wp-json\/wp\/v2\/comments?post=6210"}],"version-history":[{"count":2,"href":"https:\/\/www.botan.fr\/pro\/wp-json\/wp\/v2\/product\/6210\/revisions"}],"predecessor-version":[{"id":16888,"href":"https:\/\/www.botan.fr\/pro\/wp-json\/wp\/v2\/product\/6210\/revisions\/16888"}],"wp:featuredmedia":[{"embeddable":true,"href":"https:\/\/www.botan.fr\/pro\/wp-json\/wp\/v2\/media\/17992"}],"wp:attachment":[{"href":"https:\/\/www.botan.fr\/pro\/wp-json\/wp\/v2\/media?parent=6210"}],"wp:term":[{"taxonomy":"product_brand","embeddable":true,"href":"https:\/\/www.botan.fr\/pro\/wp-json\/wp\/v2\/product_brand?post=6210"},{"taxonomy":"product_cat","embeddable":true,"href":"https:\/\/www.botan.fr\/pro\/wp-json\/wp\/v2\/product_cat?post=6210"},{"taxonomy":"product_tag","embeddable":true,"href":"https:\/\/www.botan.fr\/pro\/wp-json\/wp\/v2\/product_tag?post=6210"}],"curies":[{"name":"wp","href":"https:\/\/api.w.org\/{rel}","templated":true}]}}