{"id":7941,"date":"2019-08-14T11:11:15","date_gmt":"2019-08-14T09:11:15","guid":{"rendered":"https:\/\/www.botan-cosmetics.com\/pro\/?post_type=product&#038;p=7941"},"modified":"2026-04-01T18:04:17","modified_gmt":"2026-04-01T16:04:17","slug":"stickers-tan-tattoo","status":"publish","type":"product","link":"https:\/\/www.botan.fr\/pro\/produit\/stickers-tan-tattoo\/","title":{"rendered":"STICKERS TAN TATTOO"},"content":{"rendered":"<p>[vc_row row_type=&#8221;row&#8221; text_align=&#8221;center&#8221;][vc_column][vc_column_text]<\/p>\n<p style=\"text-align: justify;\">Les Stickers Tan Tattoo sont des accessoires de beaut\u00e9 temporaires. Ils sont sp\u00e9cialement con\u00e7us pour ajouter une touche de style et de fantaisie \u00e0 son bronzage, avec sa s\u00e9ance de Spray Tanning.[\/vc_column_text][vc_empty_space height=&#8221;16px&#8221;][vc_row_inner][vc_column_inner width=&#8221;1\/2&#8243;][vc_column_text]<\/p>\n<p style=\"text-align: justify;\"><strong>Mode d&#8217;emploi<\/strong> :<\/p>\n<ul class=\"tick\">\n<li style=\"text-align: justify;\">\u00d4tez le tatouage solaire de la feuille autocollante,<\/li>\n<li style=\"text-align: justify;\">Placez-le sur votre corps et appuyez doucement,<\/li>\n<li style=\"text-align: justify;\">Effectuez votre session de Spray Tanning,<\/li>\n<li style=\"text-align: justify;\">Laissez le sticker pos\u00e9 au moins 1 heure,<\/li>\n<li style=\"text-align: justify;\">Retirez-le puis admirez votre superbe tatouage.<\/li>\n<\/ul>\n<p style=\"text-align: justify;\">Utilisable \u00e9galement au bronzage solaire ou en cabine UV.<\/p>\n<p style=\"text-align: justify;\"><strong>N\u2019attrapez pas de coups de soleil.<br \/>\nProt\u00e9gez-vous avec une cr\u00e8me solaire d\u2019indice adapt\u00e9. <\/strong><\/p>\n<p>[\/vc_column_text][\/vc_column_inner][vc_column_inner width=&#8221;1\/2&#8243;][vc_single_image image=&#8221;5649&#8243; img_size=&#8221;large&#8221; alignment=&#8221;center&#8221; style=&#8221;vc_box_rounded&#8221;][\/vc_column_inner][\/vc_row_inner][\/vc_column][\/vc_row][vc_row][vc_column][vc_column_text]<\/p>\n<h2 style=\"text-align: center;\">D\u00e9coration du bronzage avec le Tan Tattoo<\/h2>\n<p>[\/vc_column_text][vc_empty_space height=&#8221;16px&#8221;][vc_column_text]<\/p>\n<p style=\"text-align: justify;\">Les Stickers Tan Tattoo vous permettent de personnaliser votre bronzage en ajoutant des motifs uniques et attrayants sur diff\u00e9rentes parties de votre corps. Que ce soit sur le bras, la jambe, le dos ou m\u00eame le visage, les Stickers Tan Tattoo offrent une vari\u00e9t\u00e9 de dessins et de motifs pour embellir la peau bronz\u00e9e.<\/p>\n<p>[\/vc_column_text][vc_empty_space height=&#8221;16px&#8221;][vc_column_text]<\/p>\n<h2 style=\"text-align: center;\">Facilit\u00e9 d&#8217;application<\/h2>\n<p>[\/vc_column_text][vc_empty_space height=&#8221;16px&#8221;][vc_column_text]<\/p>\n<p style=\"text-align: justify;\">Les Stickers Tan Tattoo sont autoadh\u00e9sifs, ce qui facilite leur application sur la peau. Il suffit de retirer le sticker de son support, de le placer sur la zone souhait\u00e9e, puis de le lisser d\u00e9licatement pour assurer une adh\u00e9rence optimale. Aucune comp\u00e9tence artistique particuli\u00e8re n&#8217;est requise pour obtenir un r\u00e9sultat professionnel.<\/p>\n<p>[\/vc_column_text][vc_empty_space height=&#8221;16px&#8221;][vc_column_text]<\/p>\n<h2 style=\"text-align: center;\">Polyvalence<\/h2>\n<p>[\/vc_column_text][vc_empty_space height=&#8221;16px&#8221;][vc_column_text]<\/p>\n<p style=\"text-align: justify;\">Les Stickers peuvent \u00eatre utilis\u00e9s pour de nombreuses occasions, comme les festivals, les soir\u00e9es \u00e0 th\u00e8me, les vacances \u00e0 la plage, les f\u00eates ou tout simplement pour ajouter une touche de style \u00e0 votre look quotidien. Ils offrent une option amusante et cr\u00e9ative pour accessoiriser votre bronzage et attirer l&#8217;attention.<\/p>\n<p>[\/vc_column_text][vc_empty_space height=&#8221;16px&#8221;][vc_column_text]<\/p>\n<p style=\"text-align: justify;\">En r\u00e9sum\u00e9, les Stickers Tan Tattoo sont un moyen amusant et facile d&#8217;ajouter une touche de personnalit\u00e9 \u00e0 votre look bronz\u00e9. Ils sont \u00e9galement pratiques pour guider l&#8217;application des <a href=\"https:\/\/www.botan.fr\/pro\/produit\/lotion-autobronzante-rapid-10-1l\/\">produits de bronzage<\/a>. Ils sont disponibles dans une grande vari\u00e9t\u00e9 de motifs et de styles.<\/p>\n<p>[\/vc_column_text][\/vc_column][\/vc_row]<\/p>\n","protected":false},"excerpt":{"rendered":"<ul class=\"tick\">\n<li>Personnaliser son bronzage<\/li>\n<li>Effet \u00e9ph\u00e9m\u00e8re<\/li>\n<li>Facilit\u00e9 d&#8217;application<\/li>\n<\/ul>\n<p>[display-delivery]<br \/>\n[support-question]<\/p>\n","protected":false},"featured_media":17449,"comment_status":"open","ping_status":"closed","template":"","meta":[],"product_brand":[],"product_cat":[57],"product_tag":[],"class_list":{"0":"post-7941","1":"product","2":"type-product","3":"status-publish","4":"has-post-thumbnail","6":"product_cat-consommables","8":"first","9":"instock","10":"taxable","11":"shipping-taxable","12":"product-type-simple"},"yoast_head":"<!-- This site is optimized with the Yoast SEO plugin v27.4 - https:\/\/yoast.com\/product\/yoast-seo-wordpress\/ -->\n<title>STICKERS TAN TATTOO &#8212; BOTAN Professional<\/title>\n<meta name=\"description\" content=\"Les Stickers Tan Tattoo sont des accessoires de beaut\u00e9 temporaires sp\u00e9cialement con\u00e7us pour ajouter une touche de style et de fantaisie \u00e0 son bronzage.\" \/>\n<meta name=\"robots\" content=\"index, follow, max-snippet:-1, max-image-preview:large, max-video-preview:-1\" \/>\n<link rel=\"canonical\" href=\"https:\/\/www.botan.fr\/pro\/produit\/stickers-tan-tattoo\/\" \/>\n<meta property=\"og:locale\" content=\"fr_FR\" \/>\n<meta property=\"og:type\" content=\"article\" \/>\n<meta property=\"og:title\" content=\"STICKERS TAN TATTOO &#8212; BOTAN Professional\" \/>\n<meta property=\"og:description\" content=\"Les Stickers Tan Tattoo sont des accessoires de beaut\u00e9 temporaires sp\u00e9cialement con\u00e7us pour ajouter une touche de style et de fantaisie \u00e0 son bronzage.\" \/>\n<meta property=\"og:url\" content=\"https:\/\/www.botan.fr\/pro\/produit\/stickers-tan-tattoo\/\" \/>\n<meta property=\"og:site_name\" content=\"BOTAN Professional\" \/>\n<meta property=\"article:publisher\" content=\"https:\/\/www.facebook.com\/botancosmetics\/\" \/>\n<meta property=\"article:modified_time\" content=\"2026-04-01T16:04:17+00:00\" \/>\n<meta property=\"og:image\" content=\"https:\/\/www.botan.fr\/pro\/wp-content\/uploads\/2019\/08\/stickers-tan-tattoo.jpg\" \/>\n\t<meta property=\"og:image:width\" content=\"1000\" \/>\n\t<meta property=\"og:image:height\" content=\"1000\" \/>\n\t<meta property=\"og:image:type\" content=\"image\/jpeg\" \/>\n<meta name=\"twitter:card\" content=\"summary_large_image\" \/>\n<meta name=\"twitter:label1\" content=\"Dur\u00e9e de lecture estim\u00e9e\" \/>\n\t<meta name=\"twitter:data1\" content=\"2 minutes\" \/>\n<script type=\"application\/ld+json\" class=\"yoast-schema-graph\">{\"@context\":\"https:\\\/\\\/schema.org\",\"@graph\":[{\"@type\":\"WebPage\",\"@id\":\"https:\\\/\\\/www.botan.fr\\\/pro\\\/produit\\\/stickers-tan-tattoo\\\/\",\"url\":\"https:\\\/\\\/www.botan.fr\\\/pro\\\/produit\\\/stickers-tan-tattoo\\\/\",\"name\":\"STICKERS TAN TATTOO &#8212; BOTAN Professional\",\"isPartOf\":{\"@id\":\"https:\\\/\\\/www.botan.fr\\\/pro\\\/#website\"},\"primaryImageOfPage\":{\"@id\":\"https:\\\/\\\/www.botan.fr\\\/pro\\\/produit\\\/stickers-tan-tattoo\\\/#primaryimage\"},\"image\":{\"@id\":\"https:\\\/\\\/www.botan.fr\\\/pro\\\/produit\\\/stickers-tan-tattoo\\\/#primaryimage\"},\"thumbnailUrl\":\"https:\\\/\\\/www.botan.fr\\\/pro\\\/wp-content\\\/uploads\\\/2019\\\/08\\\/stickers-tan-tattoo.jpg\",\"datePublished\":\"2019-08-14T09:11:15+00:00\",\"dateModified\":\"2026-04-01T16:04:17+00:00\",\"description\":\"Les Stickers Tan Tattoo sont des accessoires de beaut\u00e9 temporaires sp\u00e9cialement con\u00e7us pour ajouter une touche de style et de fantaisie \u00e0 son bronzage.\",\"breadcrumb\":{\"@id\":\"https:\\\/\\\/www.botan.fr\\\/pro\\\/produit\\\/stickers-tan-tattoo\\\/#breadcrumb\"},\"inLanguage\":\"fr-FR\",\"potentialAction\":[{\"@type\":\"ReadAction\",\"target\":[\"https:\\\/\\\/www.botan.fr\\\/pro\\\/produit\\\/stickers-tan-tattoo\\\/\"]}]},{\"@type\":\"ImageObject\",\"inLanguage\":\"fr-FR\",\"@id\":\"https:\\\/\\\/www.botan.fr\\\/pro\\\/produit\\\/stickers-tan-tattoo\\\/#primaryimage\",\"url\":\"https:\\\/\\\/www.botan.fr\\\/pro\\\/wp-content\\\/uploads\\\/2019\\\/08\\\/stickers-tan-tattoo.jpg\",\"contentUrl\":\"https:\\\/\\\/www.botan.fr\\\/pro\\\/wp-content\\\/uploads\\\/2019\\\/08\\\/stickers-tan-tattoo.jpg\",\"width\":1000,\"height\":1000,\"caption\":\"Stickers Tan Tattoo\"},{\"@type\":\"BreadcrumbList\",\"@id\":\"https:\\\/\\\/www.botan.fr\\\/pro\\\/produit\\\/stickers-tan-tattoo\\\/#breadcrumb\",\"itemListElement\":[{\"@type\":\"ListItem\",\"position\":1,\"name\":\"Accueil\",\"item\":\"https:\\\/\\\/www.botan.fr\\\/pro\\\/\"},{\"@type\":\"ListItem\",\"position\":2,\"name\":\"Boutique Professionnelle\",\"item\":\"https:\\\/\\\/www.botan.fr\\\/pro\\\/boutique\\\/\"},{\"@type\":\"ListItem\",\"position\":3,\"name\":\"STICKERS TAN TATTOO\"}]},{\"@type\":\"WebSite\",\"@id\":\"https:\\\/\\\/www.botan.fr\\\/pro\\\/#website\",\"url\":\"https:\\\/\\\/www.botan.fr\\\/pro\\\/\",\"name\":\"BOTAN Professional\",\"description\":\"\",\"alternateName\":\"B\u00b7O\u00b7T\u00b7A\u00b7N\",\"potentialAction\":[{\"@type\":\"SearchAction\",\"target\":{\"@type\":\"EntryPoint\",\"urlTemplate\":\"https:\\\/\\\/www.botan.fr\\\/pro\\\/?s={search_term_string}\"},\"query-input\":{\"@type\":\"PropertyValueSpecification\",\"valueRequired\":true,\"valueName\":\"search_term_string\"}}],\"inLanguage\":\"fr-FR\"}]}<\/script>\n<!-- \/ Yoast SEO plugin. -->","yoast_head_json":{"title":"STICKERS TAN TATTOO &#8212; BOTAN Professional","description":"Les Stickers Tan Tattoo sont des accessoires de beaut\u00e9 temporaires sp\u00e9cialement con\u00e7us pour ajouter une touche de style et de fantaisie \u00e0 son bronzage.","robots":{"index":"index","follow":"follow","max-snippet":"max-snippet:-1","max-image-preview":"max-image-preview:large","max-video-preview":"max-video-preview:-1"},"canonical":"https:\/\/www.botan.fr\/pro\/produit\/stickers-tan-tattoo\/","og_locale":"fr_FR","og_type":"article","og_title":"STICKERS TAN TATTOO &#8212; BOTAN Professional","og_description":"Les Stickers Tan Tattoo sont des accessoires de beaut\u00e9 temporaires sp\u00e9cialement con\u00e7us pour ajouter une touche de style et de fantaisie \u00e0 son bronzage.","og_url":"https:\/\/www.botan.fr\/pro\/produit\/stickers-tan-tattoo\/","og_site_name":"BOTAN Professional","article_publisher":"https:\/\/www.facebook.com\/botancosmetics\/","article_modified_time":"2026-04-01T16:04:17+00:00","og_image":[{"width":1000,"height":1000,"url":"https:\/\/www.botan.fr\/pro\/wp-content\/uploads\/2019\/08\/stickers-tan-tattoo.jpg","type":"image\/jpeg"}],"twitter_card":"summary_large_image","twitter_misc":{"Dur\u00e9e de lecture estim\u00e9e":"2 minutes"},"schema":{"@context":"https:\/\/schema.org","@graph":[{"@type":"WebPage","@id":"https:\/\/www.botan.fr\/pro\/produit\/stickers-tan-tattoo\/","url":"https:\/\/www.botan.fr\/pro\/produit\/stickers-tan-tattoo\/","name":"STICKERS TAN TATTOO &#8212; BOTAN Professional","isPartOf":{"@id":"https:\/\/www.botan.fr\/pro\/#website"},"primaryImageOfPage":{"@id":"https:\/\/www.botan.fr\/pro\/produit\/stickers-tan-tattoo\/#primaryimage"},"image":{"@id":"https:\/\/www.botan.fr\/pro\/produit\/stickers-tan-tattoo\/#primaryimage"},"thumbnailUrl":"https:\/\/www.botan.fr\/pro\/wp-content\/uploads\/2019\/08\/stickers-tan-tattoo.jpg","datePublished":"2019-08-14T09:11:15+00:00","dateModified":"2026-04-01T16:04:17+00:00","description":"Les Stickers Tan Tattoo sont des accessoires de beaut\u00e9 temporaires sp\u00e9cialement con\u00e7us pour ajouter une touche de style et de fantaisie \u00e0 son bronzage.","breadcrumb":{"@id":"https:\/\/www.botan.fr\/pro\/produit\/stickers-tan-tattoo\/#breadcrumb"},"inLanguage":"fr-FR","potentialAction":[{"@type":"ReadAction","target":["https:\/\/www.botan.fr\/pro\/produit\/stickers-tan-tattoo\/"]}]},{"@type":"ImageObject","inLanguage":"fr-FR","@id":"https:\/\/www.botan.fr\/pro\/produit\/stickers-tan-tattoo\/#primaryimage","url":"https:\/\/www.botan.fr\/pro\/wp-content\/uploads\/2019\/08\/stickers-tan-tattoo.jpg","contentUrl":"https:\/\/www.botan.fr\/pro\/wp-content\/uploads\/2019\/08\/stickers-tan-tattoo.jpg","width":1000,"height":1000,"caption":"Stickers Tan Tattoo"},{"@type":"BreadcrumbList","@id":"https:\/\/www.botan.fr\/pro\/produit\/stickers-tan-tattoo\/#breadcrumb","itemListElement":[{"@type":"ListItem","position":1,"name":"Accueil","item":"https:\/\/www.botan.fr\/pro\/"},{"@type":"ListItem","position":2,"name":"Boutique Professionnelle","item":"https:\/\/www.botan.fr\/pro\/boutique\/"},{"@type":"ListItem","position":3,"name":"STICKERS TAN TATTOO"}]},{"@type":"WebSite","@id":"https:\/\/www.botan.fr\/pro\/#website","url":"https:\/\/www.botan.fr\/pro\/","name":"BOTAN Professional","description":"","alternateName":"B\u00b7O\u00b7T\u00b7A\u00b7N","potentialAction":[{"@type":"SearchAction","target":{"@type":"EntryPoint","urlTemplate":"https:\/\/www.botan.fr\/pro\/?s={search_term_string}"},"query-input":{"@type":"PropertyValueSpecification","valueRequired":true,"valueName":"search_term_string"}}],"inLanguage":"fr-FR"}]}},"acf":[],"_links":{"self":[{"href":"https:\/\/www.botan.fr\/pro\/wp-json\/wp\/v2\/product\/7941","targetHints":{"allow":["GET"]}}],"collection":[{"href":"https:\/\/www.botan.fr\/pro\/wp-json\/wp\/v2\/product"}],"about":[{"href":"https:\/\/www.botan.fr\/pro\/wp-json\/wp\/v2\/types\/product"}],"replies":[{"embeddable":true,"href":"https:\/\/www.botan.fr\/pro\/wp-json\/wp\/v2\/comments?post=7941"}],"version-history":[{"count":2,"href":"https:\/\/www.botan.fr\/pro\/wp-json\/wp\/v2\/product\/7941\/revisions"}],"predecessor-version":[{"id":26757,"href":"https:\/\/www.botan.fr\/pro\/wp-json\/wp\/v2\/product\/7941\/revisions\/26757"}],"wp:featuredmedia":[{"embeddable":true,"href":"https:\/\/www.botan.fr\/pro\/wp-json\/wp\/v2\/media\/17449"}],"wp:attachment":[{"href":"https:\/\/www.botan.fr\/pro\/wp-json\/wp\/v2\/media?parent=7941"}],"wp:term":[{"taxonomy":"product_brand","embeddable":true,"href":"https:\/\/www.botan.fr\/pro\/wp-json\/wp\/v2\/product_brand?post=7941"},{"taxonomy":"product_cat","embeddable":true,"href":"https:\/\/www.botan.fr\/pro\/wp-json\/wp\/v2\/product_cat?post=7941"},{"taxonomy":"product_tag","embeddable":true,"href":"https:\/\/www.botan.fr\/pro\/wp-json\/wp\/v2\/product_tag?post=7941"}],"curies":[{"name":"wp","href":"https:\/\/api.w.org\/{rel}","templated":true}]}}